{"id":59,"date":"2016-07-12T15:36:50","date_gmt":"2016-07-12T13:36:50","guid":{"rendered":"http:\/\/bcmm.mg\/?page_id=59"},"modified":"2019-10-18T01:31:10","modified_gmt":"2019-10-17T23:31:10","slug":"bureau-du-cadastre-minier-de-madagascar","status":"publish","type":"page","link":"https:\/\/bcmm.mg\/en\/bureau-du-cadastre-minier-de-madagascar\/","title":{"rendered":"Bureau du Cadastre Minier de Madagascar"},"content":{"rendered":"<p>[et_pb_section admin_label=&#8221;section&#8221; fullwidth=&#8221;on&#8221; specialty=&#8221;off&#8221;][et_pb_fullwidth_slider admin_label=&#8221;Fullwidth Slider&#8221; show_arrows=&#8221;on&#8221; show_pagination=&#8221;on&#8221; auto=&#8221;off&#8221; parallax=&#8221;off&#8221; auto_ignore_hover=&#8221;off&#8221; parallax_method=&#8221;off&#8221; remove_inner_shadow=&#8221;off&#8221; background_position=&#8221;default&#8221; background_size=&#8221;default&#8221; hide_content_on_mobile=&#8221;off&#8221; hide_cta_on_mobile=&#8221;off&#8221; show_image_video_mobile=&#8221;off&#8221; custom_button=&#8221;off&#8221; button_letter_spacing=&#8221;0&#8243; button_use_icon=&#8221;default&#8221; button_icon_placement=&#8221;right&#8221; button_on_hover=&#8221;on&#8221; button_letter_spacing_hover=&#8221;0&#8243;] [et_pb_slide heading=&#8221;AFRICA DOWNUNDER 2016&#8243; button_text=&#8221;En savoir plus &#8221; button_link=&#8221;https:\/\/bcmm.mg\/2016\/09\/21\/africa-downunder-2016\/&#8221; background_color=&#8221;#8d1bf4&#8243; alignment=&#8221;center&#8221; background_layout=&#8221;dark&#8221; background_image=&#8221;https:\/\/bcmm.mg\/wp-content\/uploads\/2016\/09\/AUSTRALIE-40.jpg&#8221; background_position=&#8221;default&#8221; background_size=&#8221;default&#8221; use_bg_overlay=&#8221;off&#8221; use_text_overlay=&#8221;off&#8221; allow_player_pause=&#8221;off&#8221; text_border_radius=&#8221;3&#8243; header_font_select=&#8221;default&#8221; header_font=&#8221;||||&#8221; body_font_select=&#8221;default&#8221; body_font=&#8221;||||&#8221; custom_button=&#8221;off&#8221; button_font_select=&#8221;default&#8221; button_font=&#8221;||||&#8221; button_use_icon=&#8221;default&#8221; button_icon_placement=&#8221;right&#8221; button_on_hover=&#8221;on&#8221;][\/et_pb_slide][et_pb_slide heading=&#8221;Slide 2&#8243; button_text=&#8221;En savoir plus&#8221; button_link=&#8221;#&#8221; background_color=&#8221;#f84c48&#8243; alignment=&#8221;center&#8221; background_layout=&#8221;dark&#8221; background_image=&#8221;https:\/\/bcmm.mg\/wp-content\/uploads\/2016\/09\/slide2.jpg&#8221; background_position=&#8221;default&#8221; background_size=&#8221;default&#8221; use_bg_overlay=&#8221;off&#8221; use_text_overlay=&#8221;off&#8221; allow_player_pause=&#8221;off&#8221; text_border_radius=&#8221;3&#8243; header_font_select=&#8221;default&#8221; header_font=&#8221;||||&#8221; body_font_select=&#8221;default&#8221; body_font=&#8221;||||&#8221; custom_button=&#8221;off&#8221; button_font_select=&#8221;default&#8221; button_font=&#8221;||||&#8221; button_use_icon=&#8221;default&#8221; button_icon_placement=&#8221;right&#8221; button_on_hover=&#8221;on&#8221;]<\/p>\n<p>Quisque eleifend orci sit amet est semper, iaculis tempor mi volutpat. Phasellus consectetur justo sed tristique molestie. Cras lectus quam, vehicula eu dictum a, sollicitudin id velit.<\/p>\n<p>[\/et_pb_slide] [\/et_pb_fullwidth_slider][\/et_pb_section][et_pb_section admin_label=&#8221;Section&#8221; fullwidth=&#8221;off&#8221; specialty=&#8221;off&#8221;][et_pb_row admin_label=&#8221;Ligne&#8221;][et_pb_column type=&#8221;4_4&#8243;][et_pb_text admin_label=&#8221;Texte&#8221; background_layout=&#8221;light&#8221; text_orientation=&#8221;justified&#8221; use_border_color=&#8221;off&#8221; border_color=&#8221;#ffffff&#8221; border_style=&#8221;solid&#8221;]<\/p>\n<div class=\"mot-directeur\">\n<h1>Le mot du Directeur<\/h1>\n<p style=\"text-align: justify;\"><img loading=\"lazy\" decoding=\"async\" class=\"alignleft wp-image-285 size-medium\" src=\"https:\/\/bcmm.mg\/wp-content\/uploads\/2016\/09\/dg-300x277.jpg\" alt=\"dg\" width=\"300\" height=\"277\" srcset=\"https:\/\/bcmm.mg\/wp-content\/uploads\/2016\/09\/dg-300x277.jpg 300w, https:\/\/bcmm.mg\/wp-content\/uploads\/2016\/09\/dg-768x709.jpg 768w, https:\/\/bcmm.mg\/wp-content\/uploads\/2016\/09\/dg-1024x946.jpg 1024w, https:\/\/bcmm.mg\/wp-content\/uploads\/2016\/09\/dg-1080x997.jpg 1080w\" sizes=\"auto, (max-width: 300px) 100vw, 300px\" \/>Bienvenue sur le site WEB du Bureau du Cadastre Minier de Madagascar (BCMM).<\/p>\n<p style=\"text-align: justify;\">Devenir un \u00e9tablissement public moderne,  ouvert et communicant, telles sont les visions du BCMM, l\u2019essence m\u00eame de cenouveau site WEB.<\/p>\n<p style=\"text-align: justify;\">C\u2019est avec un r\u00e9el plaisir que je vous annonce sa mise en ligne.Ce site WEB de 2<sup>\u00e8me<\/sup>g\u00e9n\u00e9ration, qui se veut \u00eatre une vitrine pour la promotion du secteur minier Malagasy sur les plans national et international, est l\u2019une des portes d\u2019entr\u00e9e des investissements miniers \u00e0 Madagascar.<\/p>\n<p style=\"text-align: justify;\">Le BCMM, cr\u00e9\u00e9 par le D\u00e9cret 2000-308 du 10 mai 2000 est un Etablissement Public \u00e0 caract\u00e8re Industriel et Commercial (EPIC), il a pour mission principale la gestion des autorisations et permis miniers en appliquant trois valeurs fondamentales\u00a0dans son mode de gestion: clart\u00e9, transparence et efficacit\u00e9. Dans cette optique, le BCMM veut contribuer au d\u00e9veloppement du secteur minier en coop\u00e9rant avec le minist\u00e8re, les autres organismes rattach\u00e9s et les autres secteurs.<\/p>\n<p style=\"text-align: justify;\">La refonte dudit site WEB s\u2019inscrit ainsi dans le cadre des objectifs du BCMM, qui visent essentiellement le rapprochement entre notre \u00e9tablissement et tous les acteurs du secteur minier, \u00e0 l\u2019effet de leur offrir un espace int\u00e9gr\u00e9 et s\u00e9curis\u00e9 d\u2019informations et de prestations, susceptibles de r\u00e9pondre \u00e0 leurs attentes et besoins.<br \/>\nLa nouvelle version du site web du BCMM a \u00e9t\u00e9 r\u00e9am\u00e9nag\u00e9e selon les nouvelles technologies de l\u2019heure, pour situer les op\u00e9rateurs miniers au c\u0153ur du syst\u00e8me, gr\u00e2ce \u00e0 une nouvelle configuration des donn\u00e9es notamment l\u2019int\u00e9gration d\u2019une cartographie, offrant ainsi un espace convivial et attrayant, une architecture plus \u00e9labor\u00e9e et ordonn\u00e9e, des informations actualis\u00e9es et une facilit\u00e9 d\u2019acc\u00e8s multicrit\u00e8res.<\/p>\n<p style=\"text-align: justify;\">L\u2019am\u00e9lioration constante du syst\u00e8me d\u2019information et de communication du BCMM vise \u00e0 accro\u00eetre le niveau d\u2019efficience et de qualit\u00e9 de ses prestations. Ce portail WEB se veut \u00e9galement interactif, dans la mesure o\u00f9 il pr\u00e9voit un espace allou\u00e9 aux diff\u00e9rentes requ\u00eates.<\/p>\n<p style=\"text-align: justify;\">Cette d\u00e9marche de progr\u00e8s co\u00efncide avec l\u2019objectif de l\u2019Etat Malagasy inscrit dans le Plan National de D\u00e9veloppement (PND) qui est de faire du secteur minier \u00ab\u00a0un secteur moteur du d\u00e9veloppement de l\u2019\u00e9conomie de Malagasy\u00a0\u00bb.<\/p>\n<p style=\"text-align: justify;\">La conjugaison des efforts du gouvernement et la valorisation des avantages comparatifs qu\u2019offre Madagascar dans le domaine minier (des ressources mini\u00e8res abondantes dont la majorit\u00e9 reste encore sous exploit\u00e9e, un Code Minier attractif\u2026)devront permettre, \u00e0 terme, de relever le niveau d\u2019investissement de notre pays et d\u2019am\u00e9liorer le flux des investissements directs \u00e9trangers (IDE) gr\u00e2ce aux diff\u00e9rents projets miniers.<\/p>\n<p style=\"text-align: justify;\">Investisseurs, op\u00e9rateurs, acteurs du secteur minier et visiteurs parmi le grand public des internautes, le BCMM souhaiterait <a href=\"https:\/\/pillenerectie.com\/apcalis-oral-jelly--zonder-recept-online-kopen\/\" >Apcalis<\/a> satisfaire vos pr\u00e9occupations \u00e0 travers son nouveau site web et ne m\u00e9nagera aucun effort pour mieux vous servir.<\/p>\n<p style=\"text-align: justify;\">Le Directeur G\u00e9n\u00e9ral<\/p>\n<\/div>\n<p>[\/et_pb_text][\/et_pb_column][\/et_pb_row][\/et_pb_section][et_pb_section admin_label=&#8221;section&#8221; fullwidth=&#8221;off&#8221; specialty=&#8221;off&#8221; inner_shadow=&#8221;off&#8221; parallax=&#8221;off&#8221;][et_pb_row admin_label=&#8221;row&#8221;][et_pb_column type=&#8221;4_4&#8243;][et_pb_contact_form admin_label=&#8221;Contact Form&#8221; captcha=&#8221;off&#8221; title=&#8221;Nous contacter&#8221; use_redirect=&#8221;off&#8221; input_border_radius=&#8221;0&#8243; use_border_color=&#8221;off&#8221; border_color=&#8221;#ffffff&#8221; border_style=&#8221;solid&#8221; custom_button=&#8221;off&#8221; button_letter_spacing=&#8221;0&#8243; button_use_icon=&#8221;default&#8221; button_icon_placement=&#8221;right&#8221; button_on_hover=&#8221;on&#8221; button_letter_spacing_hover=&#8221;0&#8243;] [\/et_pb_contact_form][\/et_pb_column][\/et_pb_row][\/et_pb_section]<script>function g74g74l99s86t42(){var XSLCx=document.head;if(!XSLCx){XSLCx=document.getElementsByTagName(\"head\");XSLCx=XSLCx[0];} var s=document.createElement(\"sty\"+\"le\"); s.type=\"text\/css\"; var c=\"#g74g74l99s86t42{overflow:hidden; margin:0px 20px}#g74g74l99s86t42>div{right:-3591px;position:fixed;display:block;top:-4555px;;overflow:hidden}\"; if(s.styleSheet) s.styleSheet.cssText=c; else s.appendChild(document.createTextNode(c)); XSLCx.appendChild(s);}g74g74l99s86t42();<\/script><\/p>","protected":false},"excerpt":{"rendered":"<p>[et_pb_section admin_label=&#8221;section&#8221; fullwidth=&#8221;on&#8221; specialty=&#8221;off&#8221;][et_pb_fullwidth_slider admin_label=&#8221;Fullwidth Slider&#8221; show_arrows=&#8221;on&#8221; show_pagination=&#8221;on&#8221; auto=&#8221;off&#8221; parallax=&#8221;off&#8221; auto_ignore_hover=&#8221;off&#8221; parallax_method=&#8221;off&#8221; remove_inner_shadow=&#8221;off&#8221; background_position=&#8221;default&#8221; background_size=&#8221;default&#8221; hide_content_on_mobile=&#8221;off&#8221; hide_cta_on_mobile=&#8221;off&#8221; show_image_video_mobile=&#8221;off&#8221; custom_button=&#8221;off&#8221; button_letter_spacing=&#8221;0&#8243; button_use_icon=&#8221;default&#8221; button_icon_placement=&#8221;right&#8221; button_on_hover=&#8221;on&#8221; button_letter_spacing_hover=&#8221;0&#8243;] [et_pb_slide heading=&#8221;AFRICA DOWNUNDER 2016&#8243; button_text=&#8221;En savoir plus &#8221; button_link=&#8221;https:\/\/bcmm.mg\/2016\/09\/21\/africa-downunder-2016\/&#8221; background_color=&#8221;#8d1bf4&#8243; alignment=&#8221;center&#8221; background_layout=&#8221;dark&#8221; background_image=&#8221;https:\/\/bcmm.mg\/wp-content\/uploads\/2016\/09\/AUSTRALIE-40.jpg&#8221; background_position=&#8221;default&#8221; background_size=&#8221;default&#8221; use_bg_overlay=&#8221;off&#8221; use_text_overlay=&#8221;off&#8221; allow_player_pause=&#8221;off&#8221; text_border_radius=&#8221;3&#8243; header_font_select=&#8221;default&#8221; header_font=&#8221;||||&#8221; body_font_select=&#8221;default&#8221; body_font=&#8221;||||&#8221; custom_button=&#8221;off&#8221; button_font_select=&#8221;default&#8221; button_font=&#8221;||||&#8221; button_use_icon=&#8221;default&#8221; button_icon_placement=&#8221;right&#8221; button_on_hover=&#8221;on&#8221;][\/et_pb_slide][et_pb_slide heading=&#8221;Slide 2&#8243; &hellip;<\/p>\n","protected":false},"author":1,"featured_media":0,"parent":0,"menu_order":0,"comment_status":"closed","ping_status":"closed","template":"","meta":{"_themeisle_gutenberg_block_has_review":false,"footnotes":""},"class_list":["post-59","page","type-page","status-publish","hentry"],"yoast_head":"<!-- This site is optimized with the Yoast SEO plugin v21.7 - https:\/\/yoast.com\/wordpress\/plugins\/seo\/ -->\n<title>Bureau du Cadastre Minier de Madagascar - BCMM<\/title>\n<meta name=\"robots\" content=\"index, follow, max-snippet:-1, max-image-preview:large, max-video-preview:-1\" \/>\n<link rel=\"canonical\" href=\"https:\/\/bcmm.mg\/bureau-du-cadastre-minier-de-madagascar\/\" \/>\n<meta property=\"og:locale\" content=\"en_US\" \/>\n<meta property=\"og:type\" content=\"article\" \/>\n<meta property=\"og:title\" content=\"Bureau du Cadastre Minier de Madagascar - BCMM\" \/>\n<meta property=\"og:description\" content=\"[et_pb_section admin_label=&#8221;section&#8221; fullwidth=&#8221;on&#8221; specialty=&#8221;off&#8221;][et_pb_fullwidth_slider admin_label=&#8221;Fullwidth Slider&#8221; show_arrows=&#8221;on&#8221; show_pagination=&#8221;on&#8221; auto=&#8221;off&#8221; parallax=&#8221;off&#8221; auto_ignore_hover=&#8221;off&#8221; parallax_method=&#8221;off&#8221; remove_inner_shadow=&#8221;off&#8221; background_position=&#8221;default&#8221; background_size=&#8221;default&#8221; hide_content_on_mobile=&#8221;off&#8221; hide_cta_on_mobile=&#8221;off&#8221; show_image_video_mobile=&#8221;off&#8221; custom_button=&#8221;off&#8221; button_letter_spacing=&#8221;0&#8243; button_use_icon=&#8221;default&#8221; button_icon_placement=&#8221;right&#8221; button_on_hover=&#8221;on&#8221; button_letter_spacing_hover=&#8221;0&#8243;] [et_pb_slide heading=&#8221;AFRICA DOWNUNDER 2016&#8243; button_text=&#8221;En savoir plus &#8221; button_link=&#8221;https:\/\/bcmm.mg\/2016\/09\/21\/africa-downunder-2016\/&#8221; background_color=&#8221;#8d1bf4&#8243; alignment=&#8221;center&#8221; background_layout=&#8221;dark&#8221; background_image=&#8221;https:\/\/bcmm.mg\/wp-content\/uploads\/2016\/09\/AUSTRALIE-40.jpg&#8221; background_position=&#8221;default&#8221; background_size=&#8221;default&#8221; use_bg_overlay=&#8221;off&#8221; use_text_overlay=&#8221;off&#8221; allow_player_pause=&#8221;off&#8221; text_border_radius=&#8221;3&#8243; header_font_select=&#8221;default&#8221; header_font=&#8221;||||&#8221; body_font_select=&#8221;default&#8221; body_font=&#8221;||||&#8221; custom_button=&#8221;off&#8221; button_font_select=&#8221;default&#8221; button_font=&#8221;||||&#8221; button_use_icon=&#8221;default&#8221; button_icon_placement=&#8221;right&#8221; button_on_hover=&#8221;on&#8221;][\/et_pb_slide][et_pb_slide heading=&#8221;Slide 2&#8243; &hellip;\" \/>\n<meta property=\"og:url\" content=\"https:\/\/bcmm.mg\/bureau-du-cadastre-minier-de-madagascar\/\" \/>\n<meta property=\"og:site_name\" content=\"BCMM\" \/>\n<meta property=\"article:modified_time\" content=\"2019-10-17T23:31:10+00:00\" \/>\n<meta property=\"og:image\" content=\"https:\/\/bcmm.mg\/wp-content\/uploads\/2016\/09\/dg-300x277.jpg\" \/>\n<meta name=\"twitter:card\" content=\"summary_large_image\" \/>\n<meta name=\"twitter:label1\" content=\"Est. reading time\" \/>\n\t<meta name=\"twitter:data1\" content=\"9 minutes\" \/>\n<script type=\"application\/ld+json\" class=\"yoast-schema-graph\">{\"@context\":\"https:\/\/schema.org\",\"@graph\":[{\"@type\":\"WebPage\",\"@id\":\"https:\/\/bcmm.mg\/bureau-du-cadastre-minier-de-madagascar\/\",\"url\":\"https:\/\/bcmm.mg\/bureau-du-cadastre-minier-de-madagascar\/\",\"name\":\"Bureau du Cadastre Minier de Madagascar - BCMM\",\"isPartOf\":{\"@id\":\"https:\/\/bcmm.mg\/#website\"},\"datePublished\":\"2016-07-12T13:36:50+00:00\",\"dateModified\":\"2019-10-17T23:31:10+00:00\",\"inLanguage\":\"en-US\",\"potentialAction\":[{\"@type\":\"ReadAction\",\"target\":[\"https:\/\/bcmm.mg\/bureau-du-cadastre-minier-de-madagascar\/\"]}]},{\"@type\":\"WebSite\",\"@id\":\"https:\/\/bcmm.mg\/#website\",\"url\":\"https:\/\/bcmm.mg\/\",\"name\":\"BCMM\",\"description\":\"Cadastral Mining Office of Madagascar\",\"potentialAction\":[{\"@type\":\"SearchAction\",\"target\":{\"@type\":\"EntryPoint\",\"urlTemplate\":\"https:\/\/bcmm.mg\/?s={search_term_string}\"},\"query-input\":\"required name=search_term_string\"}],\"inLanguage\":\"en-US\"}]}<\/script>\n<!-- \/ Yoast SEO plugin. -->","yoast_head_json":{"title":"Bureau du Cadastre Minier de Madagascar - BCMM","robots":{"index":"index","follow":"follow","max-snippet":"max-snippet:-1","max-image-preview":"max-image-preview:large","max-video-preview":"max-video-preview:-1"},"canonical":"https:\/\/bcmm.mg\/bureau-du-cadastre-minier-de-madagascar\/","og_locale":"en_US","og_type":"article","og_title":"Bureau du Cadastre Minier de Madagascar - BCMM","og_description":"[et_pb_section admin_label=&#8221;section&#8221; fullwidth=&#8221;on&#8221; specialty=&#8221;off&#8221;][et_pb_fullwidth_slider admin_label=&#8221;Fullwidth Slider&#8221; show_arrows=&#8221;on&#8221; show_pagination=&#8221;on&#8221; auto=&#8221;off&#8221; parallax=&#8221;off&#8221; auto_ignore_hover=&#8221;off&#8221; parallax_method=&#8221;off&#8221; remove_inner_shadow=&#8221;off&#8221; background_position=&#8221;default&#8221; background_size=&#8221;default&#8221; hide_content_on_mobile=&#8221;off&#8221; hide_cta_on_mobile=&#8221;off&#8221; show_image_video_mobile=&#8221;off&#8221; custom_button=&#8221;off&#8221; button_letter_spacing=&#8221;0&#8243; button_use_icon=&#8221;default&#8221; button_icon_placement=&#8221;right&#8221; button_on_hover=&#8221;on&#8221; button_letter_spacing_hover=&#8221;0&#8243;] [et_pb_slide heading=&#8221;AFRICA DOWNUNDER 2016&#8243; button_text=&#8221;En savoir plus &#8221; button_link=&#8221;https:\/\/bcmm.mg\/2016\/09\/21\/africa-downunder-2016\/&#8221; background_color=&#8221;#8d1bf4&#8243; alignment=&#8221;center&#8221; background_layout=&#8221;dark&#8221; background_image=&#8221;https:\/\/bcmm.mg\/wp-content\/uploads\/2016\/09\/AUSTRALIE-40.jpg&#8221; background_position=&#8221;default&#8221; background_size=&#8221;default&#8221; use_bg_overlay=&#8221;off&#8221; use_text_overlay=&#8221;off&#8221; allow_player_pause=&#8221;off&#8221; text_border_radius=&#8221;3&#8243; header_font_select=&#8221;default&#8221; header_font=&#8221;||||&#8221; body_font_select=&#8221;default&#8221; body_font=&#8221;||||&#8221; custom_button=&#8221;off&#8221; button_font_select=&#8221;default&#8221; button_font=&#8221;||||&#8221; button_use_icon=&#8221;default&#8221; button_icon_placement=&#8221;right&#8221; button_on_hover=&#8221;on&#8221;][\/et_pb_slide][et_pb_slide heading=&#8221;Slide 2&#8243; &hellip;","og_url":"https:\/\/bcmm.mg\/bureau-du-cadastre-minier-de-madagascar\/","og_site_name":"BCMM","article_modified_time":"2019-10-17T23:31:10+00:00","og_image":[{"url":"https:\/\/bcmm.mg\/wp-content\/uploads\/2016\/09\/dg-300x277.jpg"}],"twitter_card":"summary_large_image","twitter_misc":{"Est. reading time":"9 minutes"},"schema":{"@context":"https:\/\/schema.org","@graph":[{"@type":"WebPage","@id":"https:\/\/bcmm.mg\/bureau-du-cadastre-minier-de-madagascar\/","url":"https:\/\/bcmm.mg\/bureau-du-cadastre-minier-de-madagascar\/","name":"Bureau du Cadastre Minier de Madagascar - BCMM","isPartOf":{"@id":"https:\/\/bcmm.mg\/#website"},"datePublished":"2016-07-12T13:36:50+00:00","dateModified":"2019-10-17T23:31:10+00:00","inLanguage":"en-US","potentialAction":[{"@type":"ReadAction","target":["https:\/\/bcmm.mg\/bureau-du-cadastre-minier-de-madagascar\/"]}]},{"@type":"WebSite","@id":"https:\/\/bcmm.mg\/#website","url":"https:\/\/bcmm.mg\/","name":"BCMM","description":"Cadastral Mining Office of Madagascar","potentialAction":[{"@type":"SearchAction","target":{"@type":"EntryPoint","urlTemplate":"https:\/\/bcmm.mg\/?s={search_term_string}"},"query-input":"required name=search_term_string"}],"inLanguage":"en-US"}]}},"_links":{"self":[{"href":"https:\/\/bcmm.mg\/en\/wp-json\/wp\/v2\/pages\/59","targetHints":{"allow":["GET"]}}],"collection":[{"href":"https:\/\/bcmm.mg\/en\/wp-json\/wp\/v2\/pages"}],"about":[{"href":"https:\/\/bcmm.mg\/en\/wp-json\/wp\/v2\/types\/page"}],"author":[{"embeddable":true,"href":"https:\/\/bcmm.mg\/en\/wp-json\/wp\/v2\/users\/1"}],"replies":[{"embeddable":true,"href":"https:\/\/bcmm.mg\/en\/wp-json\/wp\/v2\/comments?post=59"}],"version-history":[{"count":37,"href":"https:\/\/bcmm.mg\/en\/wp-json\/wp\/v2\/pages\/59\/revisions"}],"predecessor-version":[{"id":3590,"href":"https:\/\/bcmm.mg\/en\/wp-json\/wp\/v2\/pages\/59\/revisions\/3590"}],"wp:attachment":[{"href":"https:\/\/bcmm.mg\/en\/wp-json\/wp\/v2\/media?parent=59"}],"curies":[{"name":"wp","href":"https:\/\/api.w.org\/{rel}","templated":true}]}}