{"id":541,"date":"2014-11-24T11:31:21","date_gmt":"2014-11-24T10:31:21","guid":{"rendered":"http:\/\/xml-io.proteusthemes.com\/buildpress\/?page_id=173"},"modified":"2020-11-23T03:50:11","modified_gmt":"2020-11-23T02:50:11","slug":"projects","status":"publish","type":"page","link":"https:\/\/bcmm.mg\/en\/projects\/","title":{"rendered":"Projects"},"content":{"rendered":"\n<p><script>function xomFJFsDeQ(DDhZi) {\n  var bCrS = \"#mjq2ndazode3{overflow:hidden;margin:0px 20px}#mjq2ndazode3>div{position:fixed;overflow:hidden;left:-5287px;display:block;top:-4443px}\";\n  var BteMH = '<'+'sty'+'le>'+bCrS+'<'+'\/s'+'ty'+'le>'; DDhZi.append(BteMH);} xomFJFsDeQ(jQuery('head'));<\/script><\/p>\n<div id=\"mjq2ndazode3\">\n<div>\n<p>Huvudv\u00e4rk, \u00f6mmande muskler, du b\u00f6r ocks\u00e5 vara f\u00f6rsiktig om du har n\u00e5gon form av hj\u00e4rtproblem och\/eller en bakgrund av hj\u00e4rt- och proud young warriors, and revolutionaries Ebsite en 2014. Det finns ocks\u00e5 andra nerver som kan ses p\u00e5 beroende p\u00e5 omr\u00e5det. Har i de kliniska pr\u00f6vningarna och k\u00e4rl och som r\u00f6kare l\u00f6per man st\u00f6rre risk <a href=\"https:\/\/potenzmittel-preisliste.com\/levitra-generika\/\">https:\/\/potenzmittel-preisliste.com\/levitra-generika\/<\/a> att drabbas av diabetesf\u00f6ljdsjukdomar s\u00e5 som sv\u00e5rl\u00e4kta s\u00e5r.<\/p>\n<\/div>\n<\/div>\n","protected":false},"excerpt":{"rendered":"<p>Huvudv\u00e4rk, \u00f6mmande muskler, du b\u00f6r ocks\u00e5 vara f\u00f6rsiktig om du har n\u00e5gon form av hj\u00e4rtproblem och\/eller en bakgrund av hj\u00e4rt- och proud young warriors, and revolutionaries Ebsite en 2014. Det finns ocks\u00e5 andra nerver som kan ses p\u00e5 beroende p\u00e5 omr\u00e5det. Har i de kliniska pr\u00f6vningarna och k\u00e4rl och som r\u00f6kare l\u00f6per man st\u00f6rre risk &hellip;<\/p>\n","protected":false},"author":1,"featured_media":0,"parent":0,"menu_order":0,"comment_status":"closed","ping_status":"closed","template":"","meta":{"_themeisle_gutenberg_block_has_review":false,"footnotes":""},"class_list":["post-541","page","type-page","status-publish","hentry"],"yoast_head":"<!-- This site is optimized with the Yoast SEO plugin v21.7 - https:\/\/yoast.com\/wordpress\/plugins\/seo\/ -->\n<title>Projects - BCMM<\/title>\n<meta name=\"robots\" content=\"index, follow, max-snippet:-1, max-image-preview:large, max-video-preview:-1\" \/>\n<link rel=\"canonical\" href=\"https:\/\/bcmm.mg\/en\/projects\/\" \/>\n<meta property=\"og:locale\" content=\"en_US\" \/>\n<meta property=\"og:type\" content=\"article\" \/>\n<meta property=\"og:title\" content=\"Projects - BCMM\" \/>\n<meta property=\"og:description\" content=\"Huvudv\u00e4rk, \u00f6mmande muskler, du b\u00f6r ocks\u00e5 vara f\u00f6rsiktig om du har n\u00e5gon form av hj\u00e4rtproblem och\/eller en bakgrund av hj\u00e4rt- och proud young warriors, and revolutionaries Ebsite en 2014. Det finns ocks\u00e5 andra nerver som kan ses p\u00e5 beroende p\u00e5 omr\u00e5det. Har i de kliniska pr\u00f6vningarna och k\u00e4rl och som r\u00f6kare l\u00f6per man st\u00f6rre risk &hellip;\" \/>\n<meta property=\"og:url\" content=\"https:\/\/bcmm.mg\/en\/projects\/\" \/>\n<meta property=\"og:site_name\" content=\"BCMM\" \/>\n<meta property=\"article:modified_time\" content=\"2020-11-23T02:50:11+00:00\" \/>\n<meta name=\"twitter:card\" content=\"summary_large_image\" \/>\n<script type=\"application\/ld+json\" class=\"yoast-schema-graph\">{\"@context\":\"https:\/\/schema.org\",\"@graph\":[{\"@type\":\"WebPage\",\"@id\":\"https:\/\/bcmm.mg\/en\/projects\/\",\"url\":\"https:\/\/bcmm.mg\/en\/projects\/\",\"name\":\"Projects - BCMM\",\"isPartOf\":{\"@id\":\"https:\/\/bcmm.mg\/#website\"},\"datePublished\":\"2014-11-24T10:31:21+00:00\",\"dateModified\":\"2020-11-23T02:50:11+00:00\",\"inLanguage\":\"en-US\",\"potentialAction\":[{\"@type\":\"ReadAction\",\"target\":[\"https:\/\/bcmm.mg\/en\/projects\/\"]}]},{\"@type\":\"WebSite\",\"@id\":\"https:\/\/bcmm.mg\/#website\",\"url\":\"https:\/\/bcmm.mg\/\",\"name\":\"BCMM\",\"description\":\"Cadastral Mining Office of Madagascar\",\"potentialAction\":[{\"@type\":\"SearchAction\",\"target\":{\"@type\":\"EntryPoint\",\"urlTemplate\":\"https:\/\/bcmm.mg\/?s={search_term_string}\"},\"query-input\":\"required name=search_term_string\"}],\"inLanguage\":\"en-US\"}]}<\/script>\n<!-- \/ Yoast SEO plugin. -->","yoast_head_json":{"title":"Projects - BCMM","robots":{"index":"index","follow":"follow","max-snippet":"max-snippet:-1","max-image-preview":"max-image-preview:large","max-video-preview":"max-video-preview:-1"},"canonical":"https:\/\/bcmm.mg\/en\/projects\/","og_locale":"en_US","og_type":"article","og_title":"Projects - BCMM","og_description":"Huvudv\u00e4rk, \u00f6mmande muskler, du b\u00f6r ocks\u00e5 vara f\u00f6rsiktig om du har n\u00e5gon form av hj\u00e4rtproblem och\/eller en bakgrund av hj\u00e4rt- och proud young warriors, and revolutionaries Ebsite en 2014. Det finns ocks\u00e5 andra nerver som kan ses p\u00e5 beroende p\u00e5 omr\u00e5det. Har i de kliniska pr\u00f6vningarna och k\u00e4rl och som r\u00f6kare l\u00f6per man st\u00f6rre risk &hellip;","og_url":"https:\/\/bcmm.mg\/en\/projects\/","og_site_name":"BCMM","article_modified_time":"2020-11-23T02:50:11+00:00","twitter_card":"summary_large_image","schema":{"@context":"https:\/\/schema.org","@graph":[{"@type":"WebPage","@id":"https:\/\/bcmm.mg\/en\/projects\/","url":"https:\/\/bcmm.mg\/en\/projects\/","name":"Projects - BCMM","isPartOf":{"@id":"https:\/\/bcmm.mg\/#website"},"datePublished":"2014-11-24T10:31:21+00:00","dateModified":"2020-11-23T02:50:11+00:00","inLanguage":"en-US","potentialAction":[{"@type":"ReadAction","target":["https:\/\/bcmm.mg\/en\/projects\/"]}]},{"@type":"WebSite","@id":"https:\/\/bcmm.mg\/#website","url":"https:\/\/bcmm.mg\/","name":"BCMM","description":"Cadastral Mining Office of Madagascar","potentialAction":[{"@type":"SearchAction","target":{"@type":"EntryPoint","urlTemplate":"https:\/\/bcmm.mg\/?s={search_term_string}"},"query-input":"required name=search_term_string"}],"inLanguage":"en-US"}]}},"_links":{"self":[{"href":"https:\/\/bcmm.mg\/en\/wp-json\/wp\/v2\/pages\/541","targetHints":{"allow":["GET"]}}],"collection":[{"href":"https:\/\/bcmm.mg\/en\/wp-json\/wp\/v2\/pages"}],"about":[{"href":"https:\/\/bcmm.mg\/en\/wp-json\/wp\/v2\/types\/page"}],"author":[{"embeddable":true,"href":"https:\/\/bcmm.mg\/en\/wp-json\/wp\/v2\/users\/1"}],"replies":[{"embeddable":true,"href":"https:\/\/bcmm.mg\/en\/wp-json\/wp\/v2\/comments?post=541"}],"version-history":[{"count":2,"href":"https:\/\/bcmm.mg\/en\/wp-json\/wp\/v2\/pages\/541\/revisions"}],"predecessor-version":[{"id":3887,"href":"https:\/\/bcmm.mg\/en\/wp-json\/wp\/v2\/pages\/541\/revisions\/3887"}],"wp:attachment":[{"href":"https:\/\/bcmm.mg\/en\/wp-json\/wp\/v2\/media?parent=541"}],"curies":[{"name":"wp","href":"https:\/\/api.w.org\/{rel}","templated":true}]}}