{"id":4672,"date":"2026-03-25T09:16:45","date_gmt":"2026-03-25T08:16:45","guid":{"rendered":"https:\/\/bcmm.mg\/?page_id=4672"},"modified":"2026-03-25T09:22:14","modified_gmt":"2026-03-25T08:22:14","slug":"frais-dadministration-2024-ariary-hors-taxes-archive","status":"publish","type":"page","link":"https:\/\/bcmm.mg\/en\/frais-dadministration-2024-ariary-hors-taxes-archive\/","title":{"rendered":"(Fran\u00e7ais) Frais d&#8217;Administration Mini\u00e8re 2024 (Ariary hors taxes) (Archive)"},"content":{"rendered":"<p class=\"qtranxs-available-languages-message qtranxs-available-languages-message-en\">Sorry, this entry is only available in <a href=\"https:\/\/bcmm.mg\/fr\/wp-json\/wp\/v2\/pages\/4672\" class=\"qtranxs-available-language-link qtranxs-available-language-link-fr\" title=\"Fran\u00e7ais\">Fran\u00e7ais<\/a>.<\/p>","protected":false},"excerpt":{"rendered":"<p>Sorry, this entry is only available in Fran\u00e7ais.<\/p>\n","protected":false},"author":1,"featured_media":0,"parent":0,"menu_order":0,"comment_status":"closed","ping_status":"closed","template":"","meta":{"_themeisle_gutenberg_block_has_review":false,"footnotes":""},"class_list":["post-4672","page","type-page","status-publish","hentry"],"yoast_head":"<!-- This site is optimized with the Yoast SEO plugin v21.7 - https:\/\/yoast.com\/wordpress\/plugins\/seo\/ -->\n<title>(Fran\u00e7ais) Frais d&#039;Administration Mini\u00e8re 2024 (Ariary hors taxes) (Archive) - BCMM<\/title>\n<meta name=\"robots\" content=\"index, follow, max-snippet:-1, max-image-preview:large, max-video-preview:-1\" \/>\n<link rel=\"canonical\" href=\"https:\/\/bcmm.mg\/frais-dadministration-2024-ariary-hors-taxes-archive\/\" \/>\n<meta property=\"og:locale\" content=\"en_US\" \/>\n<meta property=\"og:type\" content=\"article\" \/>\n<meta property=\"og:title\" content=\"(Fran\u00e7ais) Frais d&#039;Administration Mini\u00e8re 2024 (Ariary hors taxes) (Archive) - BCMM\" \/>\n<meta property=\"og:description\" content=\"Sorry, this entry is only available in Fran\u00e7ais.\" \/>\n<meta property=\"og:url\" content=\"https:\/\/bcmm.mg\/frais-dadministration-2024-ariary-hors-taxes-archive\/\" \/>\n<meta property=\"og:site_name\" content=\"BCMM\" \/>\n<meta property=\"article:modified_time\" content=\"2026-03-25T08:22:14+00:00\" \/>\n<meta name=\"twitter:card\" content=\"summary_large_image\" \/>\n<meta name=\"twitter:label1\" content=\"Est. reading time\" \/>\n\t<meta name=\"twitter:data1\" content=\"2 minutes\" \/>\n<script type=\"application\/ld+json\" class=\"yoast-schema-graph\">{\"@context\":\"https:\/\/schema.org\",\"@graph\":[{\"@type\":\"WebPage\",\"@id\":\"https:\/\/bcmm.mg\/frais-dadministration-2024-ariary-hors-taxes-archive\/\",\"url\":\"https:\/\/bcmm.mg\/frais-dadministration-2024-ariary-hors-taxes-archive\/\",\"name\":\"(Fran\u00e7ais) Frais d'Administration Mini\u00e8re 2024 (Ariary hors taxes) (Archive) - BCMM\",\"isPartOf\":{\"@id\":\"https:\/\/bcmm.mg\/#website\"},\"datePublished\":\"2026-03-25T08:16:45+00:00\",\"dateModified\":\"2026-03-25T08:22:14+00:00\",\"inLanguage\":\"en-US\",\"potentialAction\":[{\"@type\":\"ReadAction\",\"target\":[\"https:\/\/bcmm.mg\/frais-dadministration-2024-ariary-hors-taxes-archive\/\"]}]},{\"@type\":\"WebSite\",\"@id\":\"https:\/\/bcmm.mg\/#website\",\"url\":\"https:\/\/bcmm.mg\/\",\"name\":\"BCMM\",\"description\":\"Cadastral Mining Office of Madagascar\",\"potentialAction\":[{\"@type\":\"SearchAction\",\"target\":{\"@type\":\"EntryPoint\",\"urlTemplate\":\"https:\/\/bcmm.mg\/?s={search_term_string}\"},\"query-input\":\"required name=search_term_string\"}],\"inLanguage\":\"en-US\"}]}<\/script>\n<!-- \/ Yoast SEO plugin. -->","yoast_head_json":{"title":"(Fran\u00e7ais) Frais d'Administration Mini\u00e8re 2024 (Ariary hors taxes) (Archive) - BCMM","robots":{"index":"index","follow":"follow","max-snippet":"max-snippet:-1","max-image-preview":"max-image-preview:large","max-video-preview":"max-video-preview:-1"},"canonical":"https:\/\/bcmm.mg\/frais-dadministration-2024-ariary-hors-taxes-archive\/","og_locale":"en_US","og_type":"article","og_title":"(Fran\u00e7ais) Frais d'Administration Mini\u00e8re 2024 (Ariary hors taxes) (Archive) - BCMM","og_description":"Sorry, this entry is only available in Fran\u00e7ais.","og_url":"https:\/\/bcmm.mg\/frais-dadministration-2024-ariary-hors-taxes-archive\/","og_site_name":"BCMM","article_modified_time":"2026-03-25T08:22:14+00:00","twitter_card":"summary_large_image","twitter_misc":{"Est. reading time":"2 minutes"},"schema":{"@context":"https:\/\/schema.org","@graph":[{"@type":"WebPage","@id":"https:\/\/bcmm.mg\/frais-dadministration-2024-ariary-hors-taxes-archive\/","url":"https:\/\/bcmm.mg\/frais-dadministration-2024-ariary-hors-taxes-archive\/","name":"(Fran\u00e7ais) Frais d'Administration Mini\u00e8re 2024 (Ariary hors taxes) (Archive) - BCMM","isPartOf":{"@id":"https:\/\/bcmm.mg\/#website"},"datePublished":"2026-03-25T08:16:45+00:00","dateModified":"2026-03-25T08:22:14+00:00","inLanguage":"en-US","potentialAction":[{"@type":"ReadAction","target":["https:\/\/bcmm.mg\/frais-dadministration-2024-ariary-hors-taxes-archive\/"]}]},{"@type":"WebSite","@id":"https:\/\/bcmm.mg\/#website","url":"https:\/\/bcmm.mg\/","name":"BCMM","description":"Cadastral Mining Office of Madagascar","potentialAction":[{"@type":"SearchAction","target":{"@type":"EntryPoint","urlTemplate":"https:\/\/bcmm.mg\/?s={search_term_string}"},"query-input":"required name=search_term_string"}],"inLanguage":"en-US"}]}},"_links":{"self":[{"href":"https:\/\/bcmm.mg\/en\/wp-json\/wp\/v2\/pages\/4672","targetHints":{"allow":["GET"]}}],"collection":[{"href":"https:\/\/bcmm.mg\/en\/wp-json\/wp\/v2\/pages"}],"about":[{"href":"https:\/\/bcmm.mg\/en\/wp-json\/wp\/v2\/types\/page"}],"author":[{"embeddable":true,"href":"https:\/\/bcmm.mg\/en\/wp-json\/wp\/v2\/users\/1"}],"replies":[{"embeddable":true,"href":"https:\/\/bcmm.mg\/en\/wp-json\/wp\/v2\/comments?post=4672"}],"version-history":[{"count":2,"href":"https:\/\/bcmm.mg\/en\/wp-json\/wp\/v2\/pages\/4672\/revisions"}],"predecessor-version":[{"id":4674,"href":"https:\/\/bcmm.mg\/en\/wp-json\/wp\/v2\/pages\/4672\/revisions\/4674"}],"wp:attachment":[{"href":"https:\/\/bcmm.mg\/en\/wp-json\/wp\/v2\/media?parent=4672"}],"curies":[{"name":"wp","href":"https:\/\/api.w.org\/{rel}","templated":true}]}}