{"id":4641,"date":"2025-11-14T14:27:46","date_gmt":"2025-11-14T13:27:46","guid":{"rendered":"https:\/\/bcmm.mg\/?page_id=4641"},"modified":"2025-11-14T14:27:46","modified_gmt":"2025-11-14T13:27:46","slug":"canevas-pour-les-rapports-detudes-de-pre-faisabilite-pour-les-pe","status":"publish","type":"page","link":"https:\/\/bcmm.mg\/en\/canevas-pour-les-rapports-detudes-de-pre-faisabilite-pour-les-pe\/","title":{"rendered":"Canevas pour les Rapports d\u2019\u00e9tudes de pr\u00e9-faisabilit\u00e9 pour les PE"},"content":{"rendered":"<p><\/p>\n<div style=\"padding-top: 20px; margin-bottom: 20px;\">\n<a href=\"https:\/\/bcmm.mg\/wp-content\/uploads\/2025\/11\/Canevas-Etude-Prefaisabilite-PE.docx\" download style=\"background-color:#0073aa; color:white; padding:10px 20px; border-radius:5px; text-decoration:none; font-weight:bold; margin-top:10px;\">\ud83d\udcc4 Download the canvas <\/a>\n<\/div>\n<div>\n<div class=\"ead-preview\"><div class=\"ead-document\" style=\"position: relative;padding-top: 90%;\"><iframe src=\"\/\/view.officeapps.live.com\/op\/embed.aspx?src=https%3A%2F%2Fbcmm.mg%2Fwp-content%2Fuploads%2F2025%2F11%2FCanevas-Etude-Prefaisabilite-PE.docx\" title=\"Embedded Document\" class=\"ead-iframe\" style=\"width: 100%;height: 100%;border: none;position: absolute;left: 0;top: 0;\"><\/iframe><\/div><\/div>\n<\/div>\n<p><\/p>","protected":false},"excerpt":{"rendered":"<p>\ud83d\udcc4 Download the canvas<\/p>\n","protected":false},"author":1,"featured_media":0,"parent":0,"menu_order":0,"comment_status":"closed","ping_status":"closed","template":"","meta":{"_themeisle_gutenberg_block_has_review":false,"footnotes":""},"class_list":["post-4641","page","type-page","status-publish","hentry"],"yoast_head":"<!-- This site is optimized with the Yoast SEO plugin v21.7 - https:\/\/yoast.com\/wordpress\/plugins\/seo\/ -->\n<title>Canevas pour les Rapports d\u2019\u00e9tudes de pr\u00e9-faisabilit\u00e9 pour les PE - BCMM<\/title>\n<meta name=\"robots\" content=\"index, follow, max-snippet:-1, max-image-preview:large, max-video-preview:-1\" \/>\n<link rel=\"canonical\" href=\"https:\/\/bcmm.mg\/canevas-pour-les-rapports-detudes-de-pre-faisabilite-pour-les-pe\/\" \/>\n<meta property=\"og:locale\" content=\"en_US\" \/>\n<meta property=\"og:type\" content=\"article\" \/>\n<meta property=\"og:title\" content=\"Canevas pour les Rapports d\u2019\u00e9tudes de pr\u00e9-faisabilit\u00e9 pour les PE - BCMM\" \/>\n<meta property=\"og:description\" content=\"\ud83d\udcc4 Download the canvas\" \/>\n<meta property=\"og:url\" content=\"https:\/\/bcmm.mg\/canevas-pour-les-rapports-detudes-de-pre-faisabilite-pour-les-pe\/\" \/>\n<meta property=\"og:site_name\" content=\"BCMM\" \/>\n<meta name=\"twitter:card\" content=\"summary_large_image\" \/>\n<script type=\"application\/ld+json\" class=\"yoast-schema-graph\">{\"@context\":\"https:\/\/schema.org\",\"@graph\":[{\"@type\":\"WebPage\",\"@id\":\"https:\/\/bcmm.mg\/canevas-pour-les-rapports-detudes-de-pre-faisabilite-pour-les-pe\/\",\"url\":\"https:\/\/bcmm.mg\/canevas-pour-les-rapports-detudes-de-pre-faisabilite-pour-les-pe\/\",\"name\":\"Canevas pour les Rapports d\u2019\u00e9tudes de pr\u00e9-faisabilit\u00e9 pour les PE - BCMM\",\"isPartOf\":{\"@id\":\"https:\/\/bcmm.mg\/#website\"},\"datePublished\":\"2025-11-14T13:27:46+00:00\",\"dateModified\":\"2025-11-14T13:27:46+00:00\",\"inLanguage\":\"en-US\",\"potentialAction\":[{\"@type\":\"ReadAction\",\"target\":[\"https:\/\/bcmm.mg\/canevas-pour-les-rapports-detudes-de-pre-faisabilite-pour-les-pe\/\"]}]},{\"@type\":\"WebSite\",\"@id\":\"https:\/\/bcmm.mg\/#website\",\"url\":\"https:\/\/bcmm.mg\/\",\"name\":\"BCMM\",\"description\":\"Cadastral Mining Office of Madagascar\",\"potentialAction\":[{\"@type\":\"SearchAction\",\"target\":{\"@type\":\"EntryPoint\",\"urlTemplate\":\"https:\/\/bcmm.mg\/?s={search_term_string}\"},\"query-input\":\"required name=search_term_string\"}],\"inLanguage\":\"en-US\"}]}<\/script>\n<!-- \/ Yoast SEO plugin. -->","yoast_head_json":{"title":"Canevas pour les Rapports d\u2019\u00e9tudes de pr\u00e9-faisabilit\u00e9 pour les PE - BCMM","robots":{"index":"index","follow":"follow","max-snippet":"max-snippet:-1","max-image-preview":"max-image-preview:large","max-video-preview":"max-video-preview:-1"},"canonical":"https:\/\/bcmm.mg\/canevas-pour-les-rapports-detudes-de-pre-faisabilite-pour-les-pe\/","og_locale":"en_US","og_type":"article","og_title":"Canevas pour les Rapports d\u2019\u00e9tudes de pr\u00e9-faisabilit\u00e9 pour les PE - BCMM","og_description":"\ud83d\udcc4 Download the canvas","og_url":"https:\/\/bcmm.mg\/canevas-pour-les-rapports-detudes-de-pre-faisabilite-pour-les-pe\/","og_site_name":"BCMM","twitter_card":"summary_large_image","schema":{"@context":"https:\/\/schema.org","@graph":[{"@type":"WebPage","@id":"https:\/\/bcmm.mg\/canevas-pour-les-rapports-detudes-de-pre-faisabilite-pour-les-pe\/","url":"https:\/\/bcmm.mg\/canevas-pour-les-rapports-detudes-de-pre-faisabilite-pour-les-pe\/","name":"Canevas pour les Rapports d\u2019\u00e9tudes de pr\u00e9-faisabilit\u00e9 pour les PE - BCMM","isPartOf":{"@id":"https:\/\/bcmm.mg\/#website"},"datePublished":"2025-11-14T13:27:46+00:00","dateModified":"2025-11-14T13:27:46+00:00","inLanguage":"en-US","potentialAction":[{"@type":"ReadAction","target":["https:\/\/bcmm.mg\/canevas-pour-les-rapports-detudes-de-pre-faisabilite-pour-les-pe\/"]}]},{"@type":"WebSite","@id":"https:\/\/bcmm.mg\/#website","url":"https:\/\/bcmm.mg\/","name":"BCMM","description":"Cadastral Mining Office of Madagascar","potentialAction":[{"@type":"SearchAction","target":{"@type":"EntryPoint","urlTemplate":"https:\/\/bcmm.mg\/?s={search_term_string}"},"query-input":"required name=search_term_string"}],"inLanguage":"en-US"}]}},"_links":{"self":[{"href":"https:\/\/bcmm.mg\/en\/wp-json\/wp\/v2\/pages\/4641","targetHints":{"allow":["GET"]}}],"collection":[{"href":"https:\/\/bcmm.mg\/en\/wp-json\/wp\/v2\/pages"}],"about":[{"href":"https:\/\/bcmm.mg\/en\/wp-json\/wp\/v2\/types\/page"}],"author":[{"embeddable":true,"href":"https:\/\/bcmm.mg\/en\/wp-json\/wp\/v2\/users\/1"}],"replies":[{"embeddable":true,"href":"https:\/\/bcmm.mg\/en\/wp-json\/wp\/v2\/comments?post=4641"}],"version-history":[{"count":3,"href":"https:\/\/bcmm.mg\/en\/wp-json\/wp\/v2\/pages\/4641\/revisions"}],"predecessor-version":[{"id":4645,"href":"https:\/\/bcmm.mg\/en\/wp-json\/wp\/v2\/pages\/4641\/revisions\/4645"}],"wp:attachment":[{"href":"https:\/\/bcmm.mg\/en\/wp-json\/wp\/v2\/media?parent=4641"}],"curies":[{"name":"wp","href":"https:\/\/api.w.org\/{rel}","templated":true}]}}