{"id":4554,"date":"2025-02-21T07:55:21","date_gmt":"2025-02-21T06:55:21","guid":{"rendered":"https:\/\/bcmm.mg\/?page_id=4554"},"modified":"2025-02-21T08:13:15","modified_gmt":"2025-02-21T07:13:15","slug":"tarifs-mbc","status":"publish","type":"page","link":"https:\/\/bcmm.mg\/en\/tarifs-mbc\/","title":{"rendered":"(Fran\u00e7ais) Tarifs MBC"},"content":{"rendered":"<p><\/p>\n<div style=\"text-align: left; font-size: 1.2em; margin-bottom: 20px; font-family: Arial, sans-serif; color: black;\">Les tarifs appliqu\u00e9s pour les diverses locations au sein du Mining Business Center (MBC)<\/div>\n<table style=\"width: 100%; border-collapse: collapse; margin: 20px 0; font-family: Arial, sans-serif; color: black;\">\n<thead>\n<tr>\n<th style=\"border: 1px solid #ddd; padding: 12px; text-align: left; background-color: #f5f5f5; font-weight: bold;\">N\u00b0<\/th>\n<th style=\"border: 1px solid #ddd; padding: 12px; text-align: left; background-color: #f5f5f5; font-weight: bold;\">DESIGNATIONS<\/th>\n<th style=\"border: 1px solid #ddd; padding: 12px; text-align: left; background-color: #f5f5f5; font-weight: bold;\">TARIF (HT) (EN ARIARY)<\/th>\n<th style=\"border: 1px solid #ddd; padding: 12px; text-align: left; background-color: #f5f5f5; font-weight: bold;\">UNITE<\/th>\n<th style=\"border: 1px solid #ddd; padding: 12px; text-align: left; background-color: #f5f5f5; font-weight: bold;\">OBSERVATIONS<\/th>\n<\/tr>\n<\/thead>\n<tbody>\n<tr>\n<td rowspan=\"2\" style=\"border: 1px solid #ddd; padding: 12px; text-align: left;\">1<\/td>\n<td rowspan=\"2\" style=\"border: 1px solid #ddd; padding: 12px; text-align: left;\">Amphith\u00e9\u00e2tre<\/td>\n<td style=\"border: 1px solid #ddd; padding: 12px; text-align: right; font-family: monospace;\">2 500 000<\/td>\n<td style=\"border: 1px solid #ddd; padding: 12px; text-align: center;\">Journali\u00e8re<\/td>\n<td style=\"border: 1px solid #ddd; padding: 12px; text-align: left;\">Ev\u00e9nements \u00e0 but non lucratif &#8211; sono prise en charge<\/td>\n<\/tr>\n<tr>\n<td style=\"border: 1px solid #ddd; padding: 12px; text-align: right; font-family: monospace;\">3 000 000<\/td>\n<td style=\"border: 1px solid #ddd; padding: 12px; text-align: center;\">Journali\u00e8re<\/td>\n<td style=\"border: 1px solid #ddd; padding: 12px; text-align: left;\">Ev\u00e9nements \u00e0 but lucratif &#8211; Location sono non comprise<\/td>\n<\/tr>\n<tr>\n<td rowspan=\"2\" style=\"border: 1px solid #ddd; padding: 12px; text-align: left;\">2<\/td>\n<td rowspan=\"2\" style=\"border: 1px solid #ddd; padding: 12px; text-align: left;\">Cocktail Room<\/td>\n<td style=\"border: 1px solid #ddd; padding: 12px; text-align: right; font-family: monospace;\">250 000<\/td>\n<td style=\"border: 1px solid #ddd; padding: 12px; text-align: center;\">Journali\u00e8re<\/td>\n<td style=\"border: 1px solid #ddd; padding: 12px; text-align: left;\">Tarif avec occupation d&#8217;autres salles<\/td>\n<\/tr>\n<tr>\n<td style=\"border: 1px solid #ddd; padding: 12px; text-align: right; font-family: monospace;\">500 000<\/td>\n<td style=\"border: 1px solid #ddd; padding: 12px; text-align: center;\">Journali\u00e8re<\/td>\n<td style=\"border: 1px solid #ddd; padding: 12px; text-align: left;\">Tarif sans occupation d&#8217;autres salles<\/td>\n<\/tr>\n<tr>\n<td rowspan=\"2\" style=\"border: 1px solid #ddd; padding: 12px; text-align: left;\">3<\/td>\n<td rowspan=\"2\" style=\"border: 1px solid #ddd; padding: 12px; text-align: left;\">Cour int\u00e9rieure<\/td>\n<td style=\"border: 1px solid #ddd; padding: 12px; text-align: right; font-family: monospace;\">500 000<\/td>\n<td style=\"border: 1px solid #ddd; padding: 12px; text-align: center;\">Journali\u00e8re<\/td>\n<td style=\"border: 1px solid #ddd; padding: 12px; text-align: left;\">Tarif avec occupation de salles (amphi, meeting room)<\/td>\n<\/tr>\n<tr>\n<td style=\"border: 1px solid #ddd; padding: 12px; text-align: right; font-family: monospace;\">1 000 000<\/td>\n<td style=\"border: 1px solid #ddd; padding: 12px; text-align: center;\">Journali\u00e8re<\/td>\n<td style=\"border: 1px solid #ddd; padding: 12px; text-align: left;\">Tarif sans occupation d&#8217;autres salles<\/td>\n<\/tr>\n<tr>\n<td style=\"border: 1px solid #ddd; padding: 12px; text-align: left;\">4<\/td>\n<td style=\"border: 1px solid #ddd; padding: 12px; text-align: left;\">Chapiteaux<\/td>\n<td style=\"border: 1px solid #ddd; padding: 12px; text-align: right; font-family: monospace;\">12 000<\/td>\n<td style=\"border: 1px solid #ddd; padding: 12px; text-align: center;\">Journali\u00e8re<\/td>\n<td style=\"border: 1px solid #ddd; padding: 12px; text-align: left;\">Transport non pris en charge<\/td>\n<\/tr>\n<tr>\n<td style=\"border: 1px solid #ddd; padding: 12px; text-align: left;\">5<\/td>\n<td style=\"border: 1px solid #ddd; padding: 12px; text-align: left;\">Vid\u00e9o projecteur meeting room<\/td>\n<td style=\"border: 1px solid #ddd; padding: 12px; text-align: right; font-family: monospace;\">80 000<\/td>\n<td style=\"border: 1px solid #ddd; padding: 12px; text-align: center;\">Journali\u00e8re<\/td>\n<td style=\"border: 1px solid #ddd; padding: 12px; text-align: left;\">Utilisation sur place seulement<\/td>\n<\/tr>\n<tr>\n<td style=\"border: 1px solid #ddd; padding: 12px; text-align: left;\">6<\/td>\n<td style=\"border: 1px solid #ddd; padding: 12px; text-align: left;\">Vid\u00e9o projecteur Amphi<\/td>\n<td style=\"border: 1px solid #ddd; padding: 12px; text-align: right; font-family: monospace;\">40 000<\/td>\n<td style=\"border: 1px solid #ddd; padding: 12px; text-align: center;\">Journali\u00e8re<\/td>\n<td style=\"border: 1px solid #ddd; padding: 12px; text-align: left;\">Utilisation sur place seulement<\/td>\n<\/tr>\n<tr>\n<td style=\"border: 1px solid #ddd; padding: 12px; text-align: left;\">7<\/td>\n<td style=\"border: 1px solid #ddd; padding: 12px; text-align: left;\">Sonorisation amphi<\/td>\n<td style=\"border: 1px solid #ddd; padding: 12px; text-align: right; font-family: monospace;\">200 000<\/td>\n<td style=\"border: 1px solid #ddd; padding: 12px; text-align: center;\">Journali\u00e8re<\/td>\n<td style=\"border: 1px solid #ddd; padding: 12px; text-align: left;\">Utilisation sur place seulement<\/td>\n<\/tr>\n<tr>\n<td rowspan=\"2\" style=\"border: 1px solid #ddd; padding: 12px; text-align: left;\">8<\/td>\n<td rowspan=\"2\" style=\"border: 1px solid #ddd; padding: 12px; text-align: left;\">Box et bureaux<\/td>\n<td style=\"border: 1px solid #ddd; padding: 12px; text-align: right; font-family: monospace;\">22 000<\/td>\n<td style=\"border: 1px solid #ddd; padding: 12px; text-align: center;\">m\u00b2<\/td>\n<td style=\"border: 1px solid #ddd; padding: 12px; text-align: left;\">F\u00e9d\u00e9ration, association l\u00e9galement reconnues des op\u00e9rateurs miniers.<\/td>\n<\/tr>\n<tr>\n<td style=\"border: 1px solid #ddd; padding: 12px; text-align: right; font-family: monospace;\">25 000<\/td>\n<td style=\"border: 1px solid #ddd; padding: 12px; text-align: center;\">m\u00b2<\/td>\n<td style=\"border: 1px solid #ddd; padding: 12px; text-align: left;\">Autres locataires<\/td>\n<\/tr>\n<\/tbody>\n<\/table>\n<p><\/p>","protected":false},"excerpt":{"rendered":"<p>Les tarifs appliqu\u00e9s pour les diverses locations au sein du Mining Business Center (MBC) N\u00b0 DESIGNATIONS TARIF (HT) (EN ARIARY) UNITE OBSERVATIONS 1 Amphith\u00e9\u00e2tre 2 500 000 Journali\u00e8re Ev\u00e9nements \u00e0 but non lucratif &#8211; sono prise en charge 3 000 000 Journali\u00e8re Ev\u00e9nements \u00e0 but lucratif &#8211; Location sono non comprise 2 Cocktail Room 250 &hellip;<\/p>\n","protected":false},"author":1,"featured_media":0,"parent":0,"menu_order":0,"comment_status":"closed","ping_status":"closed","template":"","meta":{"_themeisle_gutenberg_block_has_review":false,"footnotes":""},"class_list":["post-4554","page","type-page","status-publish","hentry"],"yoast_head":"<!-- This site is optimized with the Yoast SEO plugin v21.7 - https:\/\/yoast.com\/wordpress\/plugins\/seo\/ -->\n<title>(Fran\u00e7ais) Tarifs MBC - BCMM<\/title>\n<meta name=\"robots\" content=\"index, follow, max-snippet:-1, max-image-preview:large, max-video-preview:-1\" \/>\n<link rel=\"canonical\" href=\"https:\/\/bcmm.mg\/tarifs-mbc\/\" \/>\n<meta property=\"og:locale\" content=\"en_US\" \/>\n<meta property=\"og:type\" content=\"article\" \/>\n<meta property=\"og:title\" content=\"(Fran\u00e7ais) Tarifs MBC - BCMM\" \/>\n<meta property=\"og:description\" content=\"Les tarifs appliqu\u00e9s pour les diverses locations au sein du Mining Business Center (MBC) N\u00b0 DESIGNATIONS TARIF (HT) (EN ARIARY) UNITE OBSERVATIONS 1 Amphith\u00e9\u00e2tre 2 500 000 Journali\u00e8re Ev\u00e9nements \u00e0 but non lucratif &#8211; sono prise en charge 3 000 000 Journali\u00e8re Ev\u00e9nements \u00e0 but lucratif &#8211; Location sono non comprise 2 Cocktail Room 250 &hellip;\" \/>\n<meta property=\"og:url\" content=\"https:\/\/bcmm.mg\/tarifs-mbc\/\" \/>\n<meta property=\"og:site_name\" content=\"BCMM\" \/>\n<meta property=\"article:modified_time\" content=\"2025-02-21T07:13:15+00:00\" \/>\n<meta name=\"twitter:card\" content=\"summary_large_image\" \/>\n<meta name=\"twitter:label1\" content=\"Est. reading time\" \/>\n\t<meta name=\"twitter:data1\" content=\"1 minute\" \/>\n<script type=\"application\/ld+json\" class=\"yoast-schema-graph\">{\"@context\":\"https:\/\/schema.org\",\"@graph\":[{\"@type\":\"WebPage\",\"@id\":\"https:\/\/bcmm.mg\/tarifs-mbc\/\",\"url\":\"https:\/\/bcmm.mg\/tarifs-mbc\/\",\"name\":\"(Fran\u00e7ais) Tarifs MBC - BCMM\",\"isPartOf\":{\"@id\":\"https:\/\/bcmm.mg\/#website\"},\"datePublished\":\"2025-02-21T06:55:21+00:00\",\"dateModified\":\"2025-02-21T07:13:15+00:00\",\"inLanguage\":\"en-US\",\"potentialAction\":[{\"@type\":\"ReadAction\",\"target\":[\"https:\/\/bcmm.mg\/tarifs-mbc\/\"]}]},{\"@type\":\"WebSite\",\"@id\":\"https:\/\/bcmm.mg\/#website\",\"url\":\"https:\/\/bcmm.mg\/\",\"name\":\"BCMM\",\"description\":\"Cadastral Mining Office of Madagascar\",\"potentialAction\":[{\"@type\":\"SearchAction\",\"target\":{\"@type\":\"EntryPoint\",\"urlTemplate\":\"https:\/\/bcmm.mg\/?s={search_term_string}\"},\"query-input\":\"required name=search_term_string\"}],\"inLanguage\":\"en-US\"}]}<\/script>\n<!-- \/ Yoast SEO plugin. -->","yoast_head_json":{"title":"(Fran\u00e7ais) Tarifs MBC - BCMM","robots":{"index":"index","follow":"follow","max-snippet":"max-snippet:-1","max-image-preview":"max-image-preview:large","max-video-preview":"max-video-preview:-1"},"canonical":"https:\/\/bcmm.mg\/tarifs-mbc\/","og_locale":"en_US","og_type":"article","og_title":"(Fran\u00e7ais) Tarifs MBC - BCMM","og_description":"Les tarifs appliqu\u00e9s pour les diverses locations au sein du Mining Business Center (MBC) N\u00b0 DESIGNATIONS TARIF (HT) (EN ARIARY) UNITE OBSERVATIONS 1 Amphith\u00e9\u00e2tre 2 500 000 Journali\u00e8re Ev\u00e9nements \u00e0 but non lucratif &#8211; sono prise en charge 3 000 000 Journali\u00e8re Ev\u00e9nements \u00e0 but lucratif &#8211; Location sono non comprise 2 Cocktail Room 250 &hellip;","og_url":"https:\/\/bcmm.mg\/tarifs-mbc\/","og_site_name":"BCMM","article_modified_time":"2025-02-21T07:13:15+00:00","twitter_card":"summary_large_image","twitter_misc":{"Est. reading time":"1 minute"},"schema":{"@context":"https:\/\/schema.org","@graph":[{"@type":"WebPage","@id":"https:\/\/bcmm.mg\/tarifs-mbc\/","url":"https:\/\/bcmm.mg\/tarifs-mbc\/","name":"(Fran\u00e7ais) Tarifs MBC - BCMM","isPartOf":{"@id":"https:\/\/bcmm.mg\/#website"},"datePublished":"2025-02-21T06:55:21+00:00","dateModified":"2025-02-21T07:13:15+00:00","inLanguage":"en-US","potentialAction":[{"@type":"ReadAction","target":["https:\/\/bcmm.mg\/tarifs-mbc\/"]}]},{"@type":"WebSite","@id":"https:\/\/bcmm.mg\/#website","url":"https:\/\/bcmm.mg\/","name":"BCMM","description":"Cadastral Mining Office of Madagascar","potentialAction":[{"@type":"SearchAction","target":{"@type":"EntryPoint","urlTemplate":"https:\/\/bcmm.mg\/?s={search_term_string}"},"query-input":"required name=search_term_string"}],"inLanguage":"en-US"}]}},"_links":{"self":[{"href":"https:\/\/bcmm.mg\/en\/wp-json\/wp\/v2\/pages\/4554","targetHints":{"allow":["GET"]}}],"collection":[{"href":"https:\/\/bcmm.mg\/en\/wp-json\/wp\/v2\/pages"}],"about":[{"href":"https:\/\/bcmm.mg\/en\/wp-json\/wp\/v2\/types\/page"}],"author":[{"embeddable":true,"href":"https:\/\/bcmm.mg\/en\/wp-json\/wp\/v2\/users\/1"}],"replies":[{"embeddable":true,"href":"https:\/\/bcmm.mg\/en\/wp-json\/wp\/v2\/comments?post=4554"}],"version-history":[{"count":10,"href":"https:\/\/bcmm.mg\/en\/wp-json\/wp\/v2\/pages\/4554\/revisions"}],"predecessor-version":[{"id":4567,"href":"https:\/\/bcmm.mg\/en\/wp-json\/wp\/v2\/pages\/4554\/revisions\/4567"}],"wp:attachment":[{"href":"https:\/\/bcmm.mg\/en\/wp-json\/wp\/v2\/media?parent=4554"}],"curies":[{"name":"wp","href":"https:\/\/api.w.org\/{rel}","templated":true}]}}