{"id":4072,"date":"2022-03-16T18:10:09","date_gmt":"2022-03-16T17:10:09","guid":{"rendered":"http:\/\/bcmm.mg\/?page_id=4072"},"modified":"2022-03-17T09:27:57","modified_gmt":"2022-03-17T08:27:57","slug":"repartition-fa-region-janvier-juillet-2021","status":"publish","type":"page","link":"https:\/\/bcmm.mg\/en\/repartition-fa-region-janvier-juillet-2021\/","title":{"rendered":"(Fran\u00e7ais) R\u00c9PARTITION FA R\u00c9GION JANVIER-JUILLET 2021"},"content":{"rendered":"<p class=\"qtranxs-available-languages-message qtranxs-available-languages-message-en\">Sorry, this entry is only available in <a href=\"https:\/\/bcmm.mg\/fr\/wp-json\/wp\/v2\/pages\/4072\" class=\"qtranxs-available-language-link qtranxs-available-language-link-fr\" title=\"Fran\u00e7ais\">Fran\u00e7ais<\/a>.<\/p>","protected":false},"excerpt":{"rendered":"","protected":false},"author":27,"featured_media":0,"parent":0,"menu_order":0,"comment_status":"closed","ping_status":"closed","template":"","meta":{"_themeisle_gutenberg_block_has_review":false,"footnotes":""},"class_list":["post-4072","page","type-page","status-publish","hentry"],"yoast_head":"<!-- This site is optimized with the Yoast SEO plugin v21.7 - https:\/\/yoast.com\/wordpress\/plugins\/seo\/ -->\n<title>(Fran\u00e7ais) R\u00c9PARTITION FA R\u00c9GION JANVIER-JUILLET 2021 - BCMM<\/title>\n<meta name=\"robots\" content=\"index, follow, max-snippet:-1, max-image-preview:large, max-video-preview:-1\" \/>\n<link rel=\"canonical\" href=\"https:\/\/bcmm.mg\/repartition-fa-region-janvier-juillet-2021\/\" \/>\n<meta property=\"og:locale\" content=\"en_US\" \/>\n<meta property=\"og:type\" content=\"article\" \/>\n<meta property=\"og:title\" content=\"(Fran\u00e7ais) R\u00c9PARTITION FA R\u00c9GION JANVIER-JUILLET 2021 - BCMM\" \/>\n<meta property=\"og:url\" content=\"https:\/\/bcmm.mg\/repartition-fa-region-janvier-juillet-2021\/\" \/>\n<meta property=\"og:site_name\" content=\"BCMM\" \/>\n<meta property=\"article:modified_time\" content=\"2022-03-17T08:27:57+00:00\" \/>\n<meta name=\"twitter:card\" content=\"summary_large_image\" \/>\n<script type=\"application\/ld+json\" class=\"yoast-schema-graph\">{\"@context\":\"https:\/\/schema.org\",\"@graph\":[{\"@type\":\"WebPage\",\"@id\":\"https:\/\/bcmm.mg\/repartition-fa-region-janvier-juillet-2021\/\",\"url\":\"https:\/\/bcmm.mg\/repartition-fa-region-janvier-juillet-2021\/\",\"name\":\"(Fran\u00e7ais) R\u00c9PARTITION FA R\u00c9GION JANVIER-JUILLET 2021 - BCMM\",\"isPartOf\":{\"@id\":\"https:\/\/bcmm.mg\/#website\"},\"datePublished\":\"2022-03-16T17:10:09+00:00\",\"dateModified\":\"2022-03-17T08:27:57+00:00\",\"inLanguage\":\"en-US\",\"potentialAction\":[{\"@type\":\"ReadAction\",\"target\":[\"https:\/\/bcmm.mg\/repartition-fa-region-janvier-juillet-2021\/\"]}]},{\"@type\":\"WebSite\",\"@id\":\"https:\/\/bcmm.mg\/#website\",\"url\":\"https:\/\/bcmm.mg\/\",\"name\":\"BCMM\",\"description\":\"Cadastral Mining Office of Madagascar\",\"potentialAction\":[{\"@type\":\"SearchAction\",\"target\":{\"@type\":\"EntryPoint\",\"urlTemplate\":\"https:\/\/bcmm.mg\/?s={search_term_string}\"},\"query-input\":\"required name=search_term_string\"}],\"inLanguage\":\"en-US\"}]}<\/script>\n<!-- \/ Yoast SEO plugin. -->","yoast_head_json":{"title":"(Fran\u00e7ais) R\u00c9PARTITION FA R\u00c9GION JANVIER-JUILLET 2021 - BCMM","robots":{"index":"index","follow":"follow","max-snippet":"max-snippet:-1","max-image-preview":"max-image-preview:large","max-video-preview":"max-video-preview:-1"},"canonical":"https:\/\/bcmm.mg\/repartition-fa-region-janvier-juillet-2021\/","og_locale":"en_US","og_type":"article","og_title":"(Fran\u00e7ais) R\u00c9PARTITION FA R\u00c9GION JANVIER-JUILLET 2021 - BCMM","og_url":"https:\/\/bcmm.mg\/repartition-fa-region-janvier-juillet-2021\/","og_site_name":"BCMM","article_modified_time":"2022-03-17T08:27:57+00:00","twitter_card":"summary_large_image","schema":{"@context":"https:\/\/schema.org","@graph":[{"@type":"WebPage","@id":"https:\/\/bcmm.mg\/repartition-fa-region-janvier-juillet-2021\/","url":"https:\/\/bcmm.mg\/repartition-fa-region-janvier-juillet-2021\/","name":"(Fran\u00e7ais) R\u00c9PARTITION FA R\u00c9GION JANVIER-JUILLET 2021 - BCMM","isPartOf":{"@id":"https:\/\/bcmm.mg\/#website"},"datePublished":"2022-03-16T17:10:09+00:00","dateModified":"2022-03-17T08:27:57+00:00","inLanguage":"en-US","potentialAction":[{"@type":"ReadAction","target":["https:\/\/bcmm.mg\/repartition-fa-region-janvier-juillet-2021\/"]}]},{"@type":"WebSite","@id":"https:\/\/bcmm.mg\/#website","url":"https:\/\/bcmm.mg\/","name":"BCMM","description":"Cadastral Mining Office of Madagascar","potentialAction":[{"@type":"SearchAction","target":{"@type":"EntryPoint","urlTemplate":"https:\/\/bcmm.mg\/?s={search_term_string}"},"query-input":"required name=search_term_string"}],"inLanguage":"en-US"}]}},"_links":{"self":[{"href":"https:\/\/bcmm.mg\/en\/wp-json\/wp\/v2\/pages\/4072","targetHints":{"allow":["GET"]}}],"collection":[{"href":"https:\/\/bcmm.mg\/en\/wp-json\/wp\/v2\/pages"}],"about":[{"href":"https:\/\/bcmm.mg\/en\/wp-json\/wp\/v2\/types\/page"}],"author":[{"embeddable":true,"href":"https:\/\/bcmm.mg\/en\/wp-json\/wp\/v2\/users\/27"}],"replies":[{"embeddable":true,"href":"https:\/\/bcmm.mg\/en\/wp-json\/wp\/v2\/comments?post=4072"}],"version-history":[{"count":2,"href":"https:\/\/bcmm.mg\/en\/wp-json\/wp\/v2\/pages\/4072\/revisions"}],"predecessor-version":[{"id":4080,"href":"https:\/\/bcmm.mg\/en\/wp-json\/wp\/v2\/pages\/4072\/revisions\/4080"}],"wp:attachment":[{"href":"https:\/\/bcmm.mg\/en\/wp-json\/wp\/v2\/media?parent=4072"}],"curies":[{"name":"wp","href":"https:\/\/api.w.org\/{rel}","templated":true}]}}