{"id":3361,"date":"2019-04-17T15:15:46","date_gmt":"2019-04-17T13:15:46","guid":{"rendered":"http:\/\/bcmm.mg\/?page_id=3361"},"modified":"2024-01-31T13:13:59","modified_gmt":"2024-01-31T12:13:59","slug":"galerie-aimima-presentation-de-voeux-nouvelle-annee-2019","status":"publish","type":"page","link":"https:\/\/bcmm.mg\/en\/galerie-aimima-presentation-de-voeux-nouvelle-annee-2019\/","title":{"rendered":"(Fran\u00e7ais) Galerie &#8211; AIMIMA\u00a0: Pr\u00e9sentation de v\u0153ux pour la nouvelle ann\u00e9e 2019"},"content":{"rendered":"<p class=\"qtranxs-available-languages-message qtranxs-available-languages-message-en\">Sorry, this entry is only available in <a href=\"https:\/\/bcmm.mg\/fr\/wp-json\/wp\/v2\/pages\/3361\" class=\"qtranxs-available-language-link qtranxs-available-language-link-fr\" title=\"Fran\u00e7ais\">Fran\u00e7ais<\/a>.<\/p>","protected":false},"excerpt":{"rendered":"<p>Sorry, this entry is only available in Fran\u00e7ais.<\/p>\n","protected":false},"author":1,"featured_media":3814,"parent":0,"menu_order":0,"comment_status":"closed","ping_status":"closed","template":"","meta":{"_themeisle_gutenberg_block_has_review":false,"footnotes":""},"class_list":["post-3361","page","type-page","status-publish","has-post-thumbnail","hentry"],"yoast_head":"<!-- This site is optimized with the Yoast SEO plugin v21.7 - https:\/\/yoast.com\/wordpress\/plugins\/seo\/ -->\n<title>(Fran\u00e7ais) Galerie - AIMIMA\u00a0: Pr\u00e9sentation de v\u0153ux pour la nouvelle ann\u00e9e 2019 - BCMM<\/title>\n<meta name=\"robots\" content=\"index, follow, max-snippet:-1, max-image-preview:large, max-video-preview:-1\" \/>\n<link rel=\"canonical\" href=\"https:\/\/bcmm.mg\/galerie-aimima-presentation-de-voeux-nouvelle-annee-2019\/\" \/>\n<meta property=\"og:locale\" content=\"en_US\" \/>\n<meta property=\"og:type\" content=\"article\" \/>\n<meta property=\"og:title\" content=\"(Fran\u00e7ais) Galerie - AIMIMA\u00a0: Pr\u00e9sentation de v\u0153ux pour la nouvelle ann\u00e9e 2019 - BCMM\" \/>\n<meta property=\"og:description\" content=\"Sorry, this entry is only available in Fran\u00e7ais.\" \/>\n<meta property=\"og:url\" content=\"https:\/\/bcmm.mg\/galerie-aimima-presentation-de-voeux-nouvelle-annee-2019\/\" \/>\n<meta property=\"og:site_name\" content=\"BCMM\" \/>\n<meta property=\"article:modified_time\" content=\"2024-01-31T12:13:59+00:00\" \/>\n<meta property=\"og:image\" content=\"https:\/\/bcmm.mg\/wp-content\/uploads\/2019\/04\/photo_famille_2-e1555521482943-1.jpg\" \/>\n\t<meta property=\"og:image:width\" content=\"1024\" \/>\n\t<meta property=\"og:image:height\" content=\"550\" \/>\n\t<meta property=\"og:image:type\" content=\"image\/jpeg\" \/>\n<meta name=\"twitter:card\" content=\"summary_large_image\" \/>\n<meta name=\"twitter:label1\" content=\"Est. reading time\" \/>\n\t<meta name=\"twitter:data1\" content=\"1 minute\" \/>\n<script type=\"application\/ld+json\" class=\"yoast-schema-graph\">{\"@context\":\"https:\/\/schema.org\",\"@graph\":[{\"@type\":\"WebPage\",\"@id\":\"https:\/\/bcmm.mg\/galerie-aimima-presentation-de-voeux-nouvelle-annee-2019\/\",\"url\":\"https:\/\/bcmm.mg\/galerie-aimima-presentation-de-voeux-nouvelle-annee-2019\/\",\"name\":\"(Fran\u00e7ais) Galerie - AIMIMA\u00a0: Pr\u00e9sentation de v\u0153ux pour la nouvelle ann\u00e9e 2019 - BCMM\",\"isPartOf\":{\"@id\":\"https:\/\/bcmm.mg\/#website\"},\"datePublished\":\"2019-04-17T13:15:46+00:00\",\"dateModified\":\"2024-01-31T12:13:59+00:00\",\"inLanguage\":\"en-US\",\"potentialAction\":[{\"@type\":\"ReadAction\",\"target\":[\"https:\/\/bcmm.mg\/galerie-aimima-presentation-de-voeux-nouvelle-annee-2019\/\"]}]},{\"@type\":\"WebSite\",\"@id\":\"https:\/\/bcmm.mg\/#website\",\"url\":\"https:\/\/bcmm.mg\/\",\"name\":\"BCMM\",\"description\":\"Cadastral Mining Office of Madagascar\",\"potentialAction\":[{\"@type\":\"SearchAction\",\"target\":{\"@type\":\"EntryPoint\",\"urlTemplate\":\"https:\/\/bcmm.mg\/?s={search_term_string}\"},\"query-input\":\"required name=search_term_string\"}],\"inLanguage\":\"en-US\"}]}<\/script>\n<!-- \/ Yoast SEO plugin. -->","yoast_head_json":{"title":"(Fran\u00e7ais) Galerie - AIMIMA\u00a0: Pr\u00e9sentation de v\u0153ux pour la nouvelle ann\u00e9e 2019 - BCMM","robots":{"index":"index","follow":"follow","max-snippet":"max-snippet:-1","max-image-preview":"max-image-preview:large","max-video-preview":"max-video-preview:-1"},"canonical":"https:\/\/bcmm.mg\/galerie-aimima-presentation-de-voeux-nouvelle-annee-2019\/","og_locale":"en_US","og_type":"article","og_title":"(Fran\u00e7ais) Galerie - AIMIMA\u00a0: Pr\u00e9sentation de v\u0153ux pour la nouvelle ann\u00e9e 2019 - BCMM","og_description":"Sorry, this entry is only available in Fran\u00e7ais.","og_url":"https:\/\/bcmm.mg\/galerie-aimima-presentation-de-voeux-nouvelle-annee-2019\/","og_site_name":"BCMM","article_modified_time":"2024-01-31T12:13:59+00:00","og_image":[{"width":1024,"height":550,"url":"https:\/\/bcmm.mg\/wp-content\/uploads\/2019\/04\/photo_famille_2-e1555521482943-1.jpg","type":"image\/jpeg"}],"twitter_card":"summary_large_image","twitter_misc":{"Est. reading time":"1 minute"},"schema":{"@context":"https:\/\/schema.org","@graph":[{"@type":"WebPage","@id":"https:\/\/bcmm.mg\/galerie-aimima-presentation-de-voeux-nouvelle-annee-2019\/","url":"https:\/\/bcmm.mg\/galerie-aimima-presentation-de-voeux-nouvelle-annee-2019\/","name":"(Fran\u00e7ais) Galerie - AIMIMA\u00a0: Pr\u00e9sentation de v\u0153ux pour la nouvelle ann\u00e9e 2019 - BCMM","isPartOf":{"@id":"https:\/\/bcmm.mg\/#website"},"datePublished":"2019-04-17T13:15:46+00:00","dateModified":"2024-01-31T12:13:59+00:00","inLanguage":"en-US","potentialAction":[{"@type":"ReadAction","target":["https:\/\/bcmm.mg\/galerie-aimima-presentation-de-voeux-nouvelle-annee-2019\/"]}]},{"@type":"WebSite","@id":"https:\/\/bcmm.mg\/#website","url":"https:\/\/bcmm.mg\/","name":"BCMM","description":"Cadastral Mining Office of Madagascar","potentialAction":[{"@type":"SearchAction","target":{"@type":"EntryPoint","urlTemplate":"https:\/\/bcmm.mg\/?s={search_term_string}"},"query-input":"required name=search_term_string"}],"inLanguage":"en-US"}]}},"_links":{"self":[{"href":"https:\/\/bcmm.mg\/en\/wp-json\/wp\/v2\/pages\/3361","targetHints":{"allow":["GET"]}}],"collection":[{"href":"https:\/\/bcmm.mg\/en\/wp-json\/wp\/v2\/pages"}],"about":[{"href":"https:\/\/bcmm.mg\/en\/wp-json\/wp\/v2\/types\/page"}],"author":[{"embeddable":true,"href":"https:\/\/bcmm.mg\/en\/wp-json\/wp\/v2\/users\/1"}],"replies":[{"embeddable":true,"href":"https:\/\/bcmm.mg\/en\/wp-json\/wp\/v2\/comments?post=3361"}],"version-history":[{"count":5,"href":"https:\/\/bcmm.mg\/en\/wp-json\/wp\/v2\/pages\/3361\/revisions"}],"predecessor-version":[{"id":4439,"href":"https:\/\/bcmm.mg\/en\/wp-json\/wp\/v2\/pages\/3361\/revisions\/4439"}],"wp:featuredmedia":[{"embeddable":true,"href":"https:\/\/bcmm.mg\/en\/wp-json\/wp\/v2\/media\/3814"}],"wp:attachment":[{"href":"https:\/\/bcmm.mg\/en\/wp-json\/wp\/v2\/media?parent=3361"}],"curies":[{"name":"wp","href":"https:\/\/api.w.org\/{rel}","templated":true}]}}