{"id":2780,"date":"2016-02-03T13:13:52","date_gmt":"2016-02-03T12:13:52","guid":{"rendered":"http:\/\/bcmm.mg\/?page_id=2780"},"modified":"2026-03-16T07:19:14","modified_gmt":"2026-03-16T06:19:14","slug":"presentation","status":"publish","type":"page","link":"https:\/\/bcmm.mg\/en\/","title":{"rendered":"Presentation"},"content":{"rendered":"<p><\/p>\n<p style=\"text-align: justify;\"><span style=\"color: #000000;\">Le Bureau du Cadastre Minier de Madagascar commun\u00e9ment appel\u00e9 BCMM, cr\u00e9\u00e9 par le D\u00e9cret 2000-308 du 10 mai 2000, est un Etablissement Public \u00e0 caract\u00e8re Industriel et Commercial (EPIC). Il est plac\u00e9 sous tutelle technique du Minist\u00e8re des Mines et sous tutelle financi\u00e8re du Minist\u00e8re des Finances et du Budget.<\/span><\/p>\n<p style=\"text-align: justify;\"><span style=\"color: #000000;\">Le BCMM est pr\u00e9sent dans tout Madagascar \u00e0 travers ses 12 bureaux d\u00e9centralis\u00e9s \u00e0 savoir: Antananarivo, Antsiranana, Sambava, Mahajanga, Maevatanana, Ambatondrazaka, Toamasina, Antsirabe, Fianarantsoa, Manakara, Toliara et Taolagnaro. Prochainement, le BCMM va inaugurer son bureau \u00e0 Morondava.<\/span><\/p>\n<p>&nbsp;<\/p>\n<p><a href=\"https:\/\/bcmm.mg\/wp-content\/uploads\/2025\/12\/2.jpg\"><img loading=\"lazy\" decoding=\"async\" src=\"https:\/\/bcmm.mg\/wp-content\/uploads\/2025\/12\/2-1024x1024.jpg\" alt=\"\" width=\"1024\" height=\"1024\" class=\"aligncenter size-large wp-image-4656\" srcset=\"https:\/\/bcmm.mg\/wp-content\/uploads\/2025\/12\/2-1024x1024.jpg 1024w, https:\/\/bcmm.mg\/wp-content\/uploads\/2025\/12\/2-300x300.jpg 300w, https:\/\/bcmm.mg\/wp-content\/uploads\/2025\/12\/2-150x150.jpg 150w, https:\/\/bcmm.mg\/wp-content\/uploads\/2025\/12\/2-768x768.jpg 768w, https:\/\/bcmm.mg\/wp-content\/uploads\/2025\/12\/2-1536x1536.jpg 1536w, https:\/\/bcmm.mg\/wp-content\/uploads\/2025\/12\/2-555x555.jpg 555w, https:\/\/bcmm.mg\/wp-content\/uploads\/2025\/12\/2-440x440.jpg 440w, https:\/\/bcmm.mg\/wp-content\/uploads\/2025\/12\/2-627x627.jpg 627w, https:\/\/bcmm.mg\/wp-content\/uploads\/2025\/12\/2-100x100.jpg 100w, https:\/\/bcmm.mg\/wp-content\/uploads\/2025\/12\/2.jpg 2000w\" sizes=\"auto, (max-width: 1024px) 100vw, 1024px\" \/><\/a><\/p>\n<p><a href=\"https:\/\/bcmm.mg\/wp-content\/uploads\/2024\/12\/Attachment.png\"><img loading=\"lazy\" decoding=\"async\" class=\"aligncenter size-large wp-image-4510\" src=\"https:\/\/bcmm.mg\/wp-content\/uploads\/2024\/12\/Attachment-994x1024.png\" alt=\"\" width=\"994\" height=\"1024\" srcset=\"https:\/\/bcmm.mg\/wp-content\/uploads\/2024\/12\/Attachment-994x1024.png 994w, https:\/\/bcmm.mg\/wp-content\/uploads\/2024\/12\/Attachment-291x300.png 291w, https:\/\/bcmm.mg\/wp-content\/uploads\/2024\/12\/Attachment-768x792.png 768w, https:\/\/bcmm.mg\/wp-content\/uploads\/2024\/12\/Attachment-538x555.png 538w, https:\/\/bcmm.mg\/wp-content\/uploads\/2024\/12\/Attachment-627x646.png 627w, https:\/\/bcmm.mg\/wp-content\/uploads\/2024\/12\/Attachment.png 1173w\" sizes=\"auto, (max-width: 994px) 100vw, 994px\" \/><\/a><\/p>","protected":false},"excerpt":{"rendered":"<p>Le Bureau du Cadastre Minier de Madagascar commun\u00e9ment appel\u00e9 BCMM, cr\u00e9\u00e9 par le D\u00e9cret 2000-308 du 10 mai 2000, est un Etablissement Public \u00e0 caract\u00e8re Industriel et Commercial (EPIC). Il est plac\u00e9 sous tutelle technique du Minist\u00e8re des Mines et sous tutelle financi\u00e8re du Minist\u00e8re des Finances et du Budget. Le BCMM est pr\u00e9sent dans &hellip;<\/p>\n","protected":false},"author":1,"featured_media":0,"parent":0,"menu_order":0,"comment_status":"closed","ping_status":"closed","template":"","meta":{"_themeisle_gutenberg_block_has_review":false,"footnotes":""},"class_list":["post-2780","page","type-page","status-publish","hentry"],"yoast_head":"<!-- This site is optimized with the Yoast SEO plugin v21.7 - https:\/\/yoast.com\/wordpress\/plugins\/seo\/ -->\n<title>Presentation - BCMM<\/title>\n<meta name=\"robots\" content=\"index, follow, max-snippet:-1, max-image-preview:large, max-video-preview:-1\" \/>\n<link rel=\"canonical\" href=\"https:\/\/bcmm.mg\/\" \/>\n<meta property=\"og:locale\" content=\"en_US\" \/>\n<meta property=\"og:type\" content=\"article\" \/>\n<meta property=\"og:title\" content=\"Presentation - BCMM\" \/>\n<meta property=\"og:description\" content=\"Le Bureau du Cadastre Minier de Madagascar commun\u00e9ment appel\u00e9 BCMM, cr\u00e9\u00e9 par le D\u00e9cret 2000-308 du 10 mai 2000, est un Etablissement Public \u00e0 caract\u00e8re Industriel et Commercial (EPIC). Il est plac\u00e9 sous tutelle technique du Minist\u00e8re des Mines et sous tutelle financi\u00e8re du Minist\u00e8re des Finances et du Budget. Le BCMM est pr\u00e9sent dans &hellip;\" \/>\n<meta property=\"og:url\" content=\"https:\/\/bcmm.mg\/\" \/>\n<meta property=\"og:site_name\" content=\"BCMM\" \/>\n<meta property=\"article:modified_time\" content=\"2026-03-16T06:19:14+00:00\" \/>\n<meta property=\"og:image\" content=\"https:\/\/bcmm.mg\/wp-content\/uploads\/2025\/12\/2-1024x1024.jpg\" \/>\n<meta name=\"twitter:card\" content=\"summary_large_image\" \/>\n<meta name=\"twitter:label1\" content=\"Est. reading time\" \/>\n\t<meta name=\"twitter:data1\" content=\"3 minutes\" \/>\n<script type=\"application\/ld+json\" class=\"yoast-schema-graph\">{\"@context\":\"https:\/\/schema.org\",\"@graph\":[{\"@type\":\"WebPage\",\"@id\":\"https:\/\/bcmm.mg\/\",\"url\":\"https:\/\/bcmm.mg\/\",\"name\":\"Presentation - BCMM\",\"isPartOf\":{\"@id\":\"https:\/\/bcmm.mg\/#website\"},\"datePublished\":\"2016-02-03T12:13:52+00:00\",\"dateModified\":\"2026-03-16T06:19:14+00:00\",\"inLanguage\":\"en-US\",\"potentialAction\":[{\"@type\":\"ReadAction\",\"target\":[\"https:\/\/bcmm.mg\/\"]}]},{\"@type\":\"WebSite\",\"@id\":\"https:\/\/bcmm.mg\/#website\",\"url\":\"https:\/\/bcmm.mg\/\",\"name\":\"BCMM\",\"description\":\"Cadastral Mining Office of Madagascar\",\"potentialAction\":[{\"@type\":\"SearchAction\",\"target\":{\"@type\":\"EntryPoint\",\"urlTemplate\":\"https:\/\/bcmm.mg\/?s={search_term_string}\"},\"query-input\":\"required name=search_term_string\"}],\"inLanguage\":\"en-US\"}]}<\/script>\n<!-- \/ Yoast SEO plugin. -->","yoast_head_json":{"title":"Presentation - BCMM","robots":{"index":"index","follow":"follow","max-snippet":"max-snippet:-1","max-image-preview":"max-image-preview:large","max-video-preview":"max-video-preview:-1"},"canonical":"https:\/\/bcmm.mg\/","og_locale":"en_US","og_type":"article","og_title":"Presentation - BCMM","og_description":"Le Bureau du Cadastre Minier de Madagascar commun\u00e9ment appel\u00e9 BCMM, cr\u00e9\u00e9 par le D\u00e9cret 2000-308 du 10 mai 2000, est un Etablissement Public \u00e0 caract\u00e8re Industriel et Commercial (EPIC). Il est plac\u00e9 sous tutelle technique du Minist\u00e8re des Mines et sous tutelle financi\u00e8re du Minist\u00e8re des Finances et du Budget. Le BCMM est pr\u00e9sent dans &hellip;","og_url":"https:\/\/bcmm.mg\/","og_site_name":"BCMM","article_modified_time":"2026-03-16T06:19:14+00:00","og_image":[{"url":"https:\/\/bcmm.mg\/wp-content\/uploads\/2025\/12\/2-1024x1024.jpg"}],"twitter_card":"summary_large_image","twitter_misc":{"Est. reading time":"3 minutes"},"schema":{"@context":"https:\/\/schema.org","@graph":[{"@type":"WebPage","@id":"https:\/\/bcmm.mg\/","url":"https:\/\/bcmm.mg\/","name":"Presentation - BCMM","isPartOf":{"@id":"https:\/\/bcmm.mg\/#website"},"datePublished":"2016-02-03T12:13:52+00:00","dateModified":"2026-03-16T06:19:14+00:00","inLanguage":"en-US","potentialAction":[{"@type":"ReadAction","target":["https:\/\/bcmm.mg\/"]}]},{"@type":"WebSite","@id":"https:\/\/bcmm.mg\/#website","url":"https:\/\/bcmm.mg\/","name":"BCMM","description":"Cadastral Mining Office of Madagascar","potentialAction":[{"@type":"SearchAction","target":{"@type":"EntryPoint","urlTemplate":"https:\/\/bcmm.mg\/?s={search_term_string}"},"query-input":"required name=search_term_string"}],"inLanguage":"en-US"}]}},"_links":{"self":[{"href":"https:\/\/bcmm.mg\/en\/wp-json\/wp\/v2\/pages\/2780","targetHints":{"allow":["GET"]}}],"collection":[{"href":"https:\/\/bcmm.mg\/en\/wp-json\/wp\/v2\/pages"}],"about":[{"href":"https:\/\/bcmm.mg\/en\/wp-json\/wp\/v2\/types\/page"}],"author":[{"embeddable":true,"href":"https:\/\/bcmm.mg\/en\/wp-json\/wp\/v2\/users\/1"}],"replies":[{"embeddable":true,"href":"https:\/\/bcmm.mg\/en\/wp-json\/wp\/v2\/comments?post=2780"}],"version-history":[{"count":26,"href":"https:\/\/bcmm.mg\/en\/wp-json\/wp\/v2\/pages\/2780\/revisions"}],"predecessor-version":[{"id":4670,"href":"https:\/\/bcmm.mg\/en\/wp-json\/wp\/v2\/pages\/2780\/revisions\/4670"}],"wp:attachment":[{"href":"https:\/\/bcmm.mg\/en\/wp-json\/wp\/v2\/media?parent=2780"}],"curies":[{"name":"wp","href":"https:\/\/api.w.org\/{rel}","templated":true}]}}