{"id":238,"date":"2016-07-21T09:12:38","date_gmt":"2016-07-21T07:12:38","guid":{"rendered":"http:\/\/bcmm.mg\/?page_id=238"},"modified":"2025-02-21T08:12:42","modified_gmt":"2025-02-21T07:12:42","slug":"ventes-diverses","status":"publish","type":"page","link":"https:\/\/bcmm.mg\/en\/ventes-diverses\/","title":{"rendered":"Ventes diverses"},"content":{"rendered":"<table style=\"width: 100%; border-collapse: collapse; font-family: Arial, sans-serif; color: black;\">\n<tr style=\"background-color: #e8e8e8;\">\n<th style=\"border: 1px solid #ddd; padding: 8px; text-align: left;\">N\u00b0<\/th>\n<th style=\"border: 1px solid #ddd; padding: 8px; text-align: left;\">DESIGNATIONS<\/th>\n<th style=\"border: 1px solid #ddd; padding: 8px; text-align: left;\">UNITE<\/th>\n<th style=\"border: 1px solid #ddd; padding: 8px; text-align: right;\">TARIF HT (en Ariary)<\/th>\n<\/tr>\n<p>  <!-- Formulaires Section - Green --><\/p>\n<tr style=\"background-color: #e8ffe8;\">\n<td colspan=\"4\" style=\"border: 1px solid #ddd; padding: 8px; font-weight: bold;\">FORMULAIRES DE DEMANDE :<\/td>\n<\/tr>\n<tr style=\"background-color: #e8ffe8;\">\n<td style=\"border: 1px solid #ddd; padding: 8px;\">1<\/td>\n<td style=\"border: 1px solid #ddd; padding: 8px;\">Formulaire AERP<\/td>\n<td style=\"border: 1px solid #ddd; padding: 8px;\">Unit\u00e9<\/td>\n<td style=\"border: 1px solid #ddd; padding: 8px; text-align: right;\">10 000<\/td>\n<\/tr>\n<tr style=\"background-color: #e8ffe8;\">\n<td style=\"border: 1px solid #ddd; padding: 8px;\">2<\/td>\n<td style=\"border: 1px solid #ddd; padding: 8px;\">Formulaire PERMIS<\/td>\n<td style=\"border: 1px solid #ddd; padding: 8px;\">Unit\u00e9<\/td>\n<td style=\"border: 1px solid #ddd; padding: 8px; text-align: right;\">10 000<\/td>\n<\/tr>\n<tr style=\"background-color: #e8ffe8;\">\n<td style=\"border: 1px solid #ddd; padding: 8px;\">3<\/td>\n<td style=\"border: 1px solid #ddd; padding: 8px;\">Autres formulaires (transferts, autres, etc.)<\/td>\n<td style=\"border: 1px solid #ddd; padding: 8px;\">Unit\u00e9<\/td>\n<td style=\"border: 1px solid #ddd; padding: 8px; text-align: right;\">10 000<\/td>\n<\/tr>\n<p>  <!-- Donn\u00e9es Num\u00e9riques Section - Light Blue --><\/p>\n<tr style=\"background-color: #e0f7f7;\">\n<td colspan=\"4\" style=\"border: 1px solid #ddd; padding: 8px; font-weight: bold;\">DONNEES NUMERIQUES :<\/td>\n<\/tr>\n<tr style=\"background-color: #e0f7f7;\">\n<td style=\"border: 1px solid #ddd; padding: 8px;\">4<\/td>\n<td style=\"border: 1px solid #ddd; padding: 8px;\">Donn\u00e9es num\u00e9riques<\/td>\n<td style=\"border: 1px solid #ddd; padding: 8px;\">Ko<\/td>\n<td style=\"border: 1px solid #ddd; padding: 8px; text-align: right;\">200<\/td>\n<\/tr>\n<tr style=\"background-color: #e0f7f7;\">\n<td style=\"border: 1px solid #ddd; padding: 8px;\">5<\/td>\n<td style=\"border: 1px solid #ddd; padding: 8px;\">Donn\u00e9es sur feuilles<\/td>\n<td style=\"border: 1px solid #ddd; padding: 8px;\">Page<\/td>\n<td style=\"border: 1px solid #ddd; padding: 8px; text-align: right;\">13 000<\/td>\n<\/tr>\n<tr style=\"background-color: #e0f7f7;\">\n<td style=\"border: 1px solid #ddd; padding: 8px;\">6<\/td>\n<td style=\"border: 1px solid #ddd; padding: 8px;\">Requ\u00eates<\/td>\n<td style=\"border: 1px solid #ddd; padding: 8px;\">Unit\u00e9<\/td>\n<td style=\"border: 1px solid #ddd; padding: 8px; text-align: right;\">24 000<\/td>\n<\/tr>\n<p>  <!-- Cartes Section - Yellow --><\/p>\n<tr style=\"background-color: #fff8e0;\">\n<td colspan=\"4\" style=\"border: 1px solid #ddd; padding: 8px; font-weight: bold;\">CARTES :<\/td>\n<\/tr>\n<tr style=\"background-color: #fff8e0;\">\n<td style=\"border: 1px solid #ddd; padding: 8px;\">7<\/td>\n<td style=\"border: 1px solid #ddd; padding: 8px;\">A4 &#8211; Format papier<\/td>\n<td style=\"border: 1px solid #ddd; padding: 8px;\">Unit\u00e9<\/td>\n<td style=\"border: 1px solid #ddd; padding: 8px; text-align: right;\">24 000<\/td>\n<\/tr>\n<tr style=\"background-color: #fff8e0;\">\n<td style=\"border: 1px solid #ddd; padding: 8px;\">8<\/td>\n<td style=\"border: 1px solid #ddd; padding: 8px;\">A4 &#8211; Format num\u00e9rique<\/td>\n<td style=\"border: 1px solid #ddd; padding: 8px;\">Unit\u00e9<\/td>\n<td style=\"border: 1px solid #ddd; padding: 8px; text-align: right;\">20 000<\/td>\n<\/tr>\n<tr style=\"background-color: #fff8e0;\">\n<td style=\"border: 1px solid #ddd; padding: 8px;\">9<\/td>\n<td style=\"border: 1px solid #ddd; padding: 8px;\">A3 &#8211; Format papier<\/td>\n<td style=\"border: 1px solid #ddd; padding: 8px;\">Unit\u00e9<\/td>\n<td style=\"border: 1px solid #ddd; padding: 8px; text-align: right;\">40 000<\/td>\n<\/tr>\n<tr style=\"background-color: #fff8e0;\">\n<td style=\"border: 1px solid #ddd; padding: 8px;\">10<\/td>\n<td style=\"border: 1px solid #ddd; padding: 8px;\">A3 &#8211; Format num\u00e9rique<\/td>\n<td style=\"border: 1px solid #ddd; padding: 8px;\">Unit\u00e9<\/td>\n<td style=\"border: 1px solid #ddd; padding: 8px; text-align: right;\">36 000<\/td>\n<\/tr>\n<tr style=\"background-color: #fff8e0;\">\n<td style=\"border: 1px solid #ddd; padding: 8px;\">11<\/td>\n<td style=\"border: 1px solid #ddd; padding: 8px;\">A0 &#8211; Format papier<\/td>\n<td style=\"border: 1px solid #ddd; padding: 8px;\">Unit\u00e9<\/td>\n<td style=\"border: 1px solid #ddd; padding: 8px; text-align: right;\">200 000<\/td>\n<\/tr>\n<tr style=\"background-color: #fff8e0;\">\n<td style=\"border: 1px solid #ddd; padding: 8px;\">12<\/td>\n<td style=\"border: 1px solid #ddd; padding: 8px;\">A0 &#8211; Format num\u00e9rique<\/td>\n<td style=\"border: 1px solid #ddd; padding: 8px;\">Unit\u00e9<\/td>\n<td style=\"border: 1px solid #ddd; padding: 8px; text-align: right;\">160 000<\/td>\n<\/tr>\n<p>  <!-- Certificats Section - Green --><\/p>\n<tr style=\"background-color: #e8ffe8;\">\n<td colspan=\"4\" style=\"border: 1px solid #ddd; padding: 8px; font-weight: bold;\">CERTIFICATS D&#8217;ENREGISTREMENT :<\/td>\n<\/tr>\n<tr style=\"background-color: #e8ffe8;\">\n<td style=\"border: 1px solid #ddd; padding: 8px;\">13<\/td>\n<td style=\"border: 1px solid #ddd; padding: 8px;\">PERMIS<\/td>\n<td style=\"border: 1px solid #ddd; padding: 8px;\">Unit\u00e9<\/td>\n<td style=\"border: 1px solid #ddd; padding: 8px; text-align: right;\">70 000<\/td>\n<\/tr>\n<p>  <!-- Plan Section - Green --><\/p>\n<tr style=\"background-color: #e8ffe8;\">\n<td colspan=\"4\" style=\"border: 1px solid #ddd; padding: 8px; font-weight: bold;\">PLAN D&#8217;ENGAGEMENT ENVIRONNEMENTAL (PEE) :<\/td>\n<\/tr>\n<tr style=\"background-color: #e8ffe8;\">\n<td style=\"border: 1px solid #ddd; padding: 8px;\">14<\/td>\n<td style=\"border: 1px solid #ddd; padding: 8px;\">PEE ANNEXE E<\/td>\n<td style=\"border: 1px solid #ddd; padding: 8px;\">Unit\u00e9<\/td>\n<td style=\"border: 1px solid #ddd; padding: 8px; text-align: right;\">12 000<\/td>\n<\/tr>\n<tr style=\"background-color: #e8ffe8;\">\n<td style=\"border: 1px solid #ddd; padding: 8px;\">15<\/td>\n<td style=\"border: 1px solid #ddd; padding: 8px;\">PEE ANNEXE F<\/td>\n<td style=\"border: 1px solid #ddd; padding: 8px;\">Unit\u00e9<\/td>\n<td style=\"border: 1px solid #ddd; padding: 8px; text-align: right;\">12 000<\/td>\n<\/tr>\n<tr style=\"background-color: #e8ffe8;\">\n<td style=\"border: 1px solid #ddd; padding: 8px;\">16<\/td>\n<td style=\"border: 1px solid #ddd; padding: 8px;\">LETTRE D&#8217;ENGAGEMENT POUR UNE EIE<\/td>\n<td style=\"border: 1px solid #ddd; padding: 8px;\">Unit\u00e9<\/td>\n<td style=\"border: 1px solid #ddd; padding: 8px; text-align: right;\">12 000<\/td>\n<\/tr>\n<\/table>\n","protected":false},"excerpt":{"rendered":"<p>N\u00b0 DESIGNATIONS UNITE TARIF HT (en Ariary) FORMULAIRES DE DEMANDE : 1 Formulaire AERP Unit\u00e9 10 000 2 Formulaire PERMIS Unit\u00e9 10 000 3 Autres formulaires (transferts, autres, etc.) Unit\u00e9 10 000 DONNEES NUMERIQUES : 4 Donn\u00e9es num\u00e9riques Ko 200 5 Donn\u00e9es sur feuilles Page 13 000 6 Requ\u00eates Unit\u00e9 24 000 CARTES : 7 &hellip;<\/p>\n","protected":false},"author":1,"featured_media":0,"parent":0,"menu_order":0,"comment_status":"closed","ping_status":"closed","template":"","meta":{"_themeisle_gutenberg_block_has_review":false,"footnotes":""},"class_list":["post-238","page","type-page","status-publish","hentry"],"yoast_head":"<!-- This site is optimized with the Yoast SEO plugin v21.7 - https:\/\/yoast.com\/wordpress\/plugins\/seo\/ -->\n<title>Ventes diverses - BCMM<\/title>\n<meta name=\"robots\" content=\"index, follow, max-snippet:-1, max-image-preview:large, max-video-preview:-1\" \/>\n<link rel=\"canonical\" href=\"https:\/\/bcmm.mg\/ventes-diverses\/\" \/>\n<meta property=\"og:locale\" content=\"en_US\" \/>\n<meta property=\"og:type\" content=\"article\" \/>\n<meta property=\"og:title\" content=\"Ventes diverses - BCMM\" \/>\n<meta property=\"og:description\" content=\"N\u00b0 DESIGNATIONS UNITE TARIF HT (en Ariary) FORMULAIRES DE DEMANDE : 1 Formulaire AERP Unit\u00e9 10 000 2 Formulaire PERMIS Unit\u00e9 10 000 3 Autres formulaires (transferts, autres, etc.) Unit\u00e9 10 000 DONNEES NUMERIQUES : 4 Donn\u00e9es num\u00e9riques Ko 200 5 Donn\u00e9es sur feuilles Page 13 000 6 Requ\u00eates Unit\u00e9 24 000 CARTES : 7 &hellip;\" \/>\n<meta property=\"og:url\" content=\"https:\/\/bcmm.mg\/ventes-diverses\/\" \/>\n<meta property=\"og:site_name\" content=\"BCMM\" \/>\n<meta property=\"article:modified_time\" content=\"2025-02-21T07:12:42+00:00\" \/>\n<meta name=\"twitter:card\" content=\"summary_large_image\" \/>\n<meta name=\"twitter:label1\" content=\"Est. reading time\" \/>\n\t<meta name=\"twitter:data1\" content=\"2 minutes\" \/>\n<script type=\"application\/ld+json\" class=\"yoast-schema-graph\">{\"@context\":\"https:\/\/schema.org\",\"@graph\":[{\"@type\":\"WebPage\",\"@id\":\"https:\/\/bcmm.mg\/ventes-diverses\/\",\"url\":\"https:\/\/bcmm.mg\/ventes-diverses\/\",\"name\":\"Ventes diverses - BCMM\",\"isPartOf\":{\"@id\":\"https:\/\/bcmm.mg\/#website\"},\"datePublished\":\"2016-07-21T07:12:38+00:00\",\"dateModified\":\"2025-02-21T07:12:42+00:00\",\"inLanguage\":\"en-US\",\"potentialAction\":[{\"@type\":\"ReadAction\",\"target\":[\"https:\/\/bcmm.mg\/ventes-diverses\/\"]}]},{\"@type\":\"WebSite\",\"@id\":\"https:\/\/bcmm.mg\/#website\",\"url\":\"https:\/\/bcmm.mg\/\",\"name\":\"BCMM\",\"description\":\"Cadastral Mining Office of Madagascar\",\"potentialAction\":[{\"@type\":\"SearchAction\",\"target\":{\"@type\":\"EntryPoint\",\"urlTemplate\":\"https:\/\/bcmm.mg\/?s={search_term_string}\"},\"query-input\":\"required name=search_term_string\"}],\"inLanguage\":\"en-US\"}]}<\/script>\n<!-- \/ Yoast SEO plugin. -->","yoast_head_json":{"title":"Ventes diverses - BCMM","robots":{"index":"index","follow":"follow","max-snippet":"max-snippet:-1","max-image-preview":"max-image-preview:large","max-video-preview":"max-video-preview:-1"},"canonical":"https:\/\/bcmm.mg\/ventes-diverses\/","og_locale":"en_US","og_type":"article","og_title":"Ventes diverses - BCMM","og_description":"N\u00b0 DESIGNATIONS UNITE TARIF HT (en Ariary) FORMULAIRES DE DEMANDE : 1 Formulaire AERP Unit\u00e9 10 000 2 Formulaire PERMIS Unit\u00e9 10 000 3 Autres formulaires (transferts, autres, etc.) Unit\u00e9 10 000 DONNEES NUMERIQUES : 4 Donn\u00e9es num\u00e9riques Ko 200 5 Donn\u00e9es sur feuilles Page 13 000 6 Requ\u00eates Unit\u00e9 24 000 CARTES : 7 &hellip;","og_url":"https:\/\/bcmm.mg\/ventes-diverses\/","og_site_name":"BCMM","article_modified_time":"2025-02-21T07:12:42+00:00","twitter_card":"summary_large_image","twitter_misc":{"Est. reading time":"2 minutes"},"schema":{"@context":"https:\/\/schema.org","@graph":[{"@type":"WebPage","@id":"https:\/\/bcmm.mg\/ventes-diverses\/","url":"https:\/\/bcmm.mg\/ventes-diverses\/","name":"Ventes diverses - BCMM","isPartOf":{"@id":"https:\/\/bcmm.mg\/#website"},"datePublished":"2016-07-21T07:12:38+00:00","dateModified":"2025-02-21T07:12:42+00:00","inLanguage":"en-US","potentialAction":[{"@type":"ReadAction","target":["https:\/\/bcmm.mg\/ventes-diverses\/"]}]},{"@type":"WebSite","@id":"https:\/\/bcmm.mg\/#website","url":"https:\/\/bcmm.mg\/","name":"BCMM","description":"Cadastral Mining Office of Madagascar","potentialAction":[{"@type":"SearchAction","target":{"@type":"EntryPoint","urlTemplate":"https:\/\/bcmm.mg\/?s={search_term_string}"},"query-input":"required name=search_term_string"}],"inLanguage":"en-US"}]}},"_links":{"self":[{"href":"https:\/\/bcmm.mg\/en\/wp-json\/wp\/v2\/pages\/238","targetHints":{"allow":["GET"]}}],"collection":[{"href":"https:\/\/bcmm.mg\/en\/wp-json\/wp\/v2\/pages"}],"about":[{"href":"https:\/\/bcmm.mg\/en\/wp-json\/wp\/v2\/types\/page"}],"author":[{"embeddable":true,"href":"https:\/\/bcmm.mg\/en\/wp-json\/wp\/v2\/users\/1"}],"replies":[{"embeddable":true,"href":"https:\/\/bcmm.mg\/en\/wp-json\/wp\/v2\/comments?post=238"}],"version-history":[{"count":22,"href":"https:\/\/bcmm.mg\/en\/wp-json\/wp\/v2\/pages\/238\/revisions"}],"predecessor-version":[{"id":4566,"href":"https:\/\/bcmm.mg\/en\/wp-json\/wp\/v2\/pages\/238\/revisions\/4566"}],"wp:attachment":[{"href":"https:\/\/bcmm.mg\/en\/wp-json\/wp\/v2\/media?parent=238"}],"curies":[{"name":"wp","href":"https:\/\/api.w.org\/{rel}","templated":true}]}}