{"id":236,"date":"2016-07-21T09:12:20","date_gmt":"2016-07-21T07:12:20","guid":{"rendered":"http:\/\/bcmm.mg\/?page_id=236"},"modified":"2023-02-22T06:27:00","modified_gmt":"2023-02-22T05:27:00","slug":"droits-forfaitaires","status":"publish","type":"page","link":"https:\/\/bcmm.mg\/en\/droits-forfaitaires\/","title":{"rendered":"Droits forfaitaires"},"content":{"rendered":"<p><\/p>\n<table style=\"height: 336px;\" width=\"791\">\n<tbody>\n<tr>\n<td width=\"356\"><span style=\"color: #000000;\">\u00a0<\/span><\/td>\n<td style=\"text-align: center;\" colspan=\"2\" width=\"119\"><span style=\"color: #000000;\"><strong>Montant HT<\/strong><\/span><\/td>\n<\/tr>\n<tr>\n<td style=\"text-align: left;\"><span style=\"color: #000000;\"><strong>Op\u00e9ration d&#8217;enregistrement<\/strong><\/span><\/td>\n<td style=\"text-align: center;\"><span style=\"color: #000000;\"><strong>Par Carr\u00e9<\/strong><\/span><\/td>\n<td style=\"text-align: center;\"><span style=\"color: #000000;\"><strong>Par Op\u00e9ration<\/strong><\/span><\/td>\n<\/tr>\n<tr>\n<td><span style=\"color: #000000;\">Transferts : Cession, Donation, Mutation, Changement de nom\/d\u00e9nomination<\/span><\/td>\n<td style=\"text-align: center;\"><span style=\"color: #000000;\">2 600<\/span><\/td>\n<td style=\"text-align: center;\"><span style=\"color: #000000;\">205 000<\/span><\/td>\n<\/tr>\n<tr>\n<td><span style=\"color: #000000;\">Hypoth\u00e8que, Gage, Amodiation<\/span><\/td>\n<td style=\"text-align: center;\"><span style=\"color: #000000;\">2 300<\/span><\/td>\n<td style=\"text-align: center;\"><span style=\"color: #000000;\">16 000<\/span><\/td>\n<\/tr>\n<tr>\n<td><span style=\"color: #000000;\">Partenariat<\/span><\/td>\n<td style=\"text-align: center;\"><span style=\"color: #000000;\">1 600<\/span><\/td>\n<td style=\"text-align: center;\"><span style=\"color: #000000;\">205 000<\/span><\/td>\n<\/tr>\n<tr>\n<td><span style=\"color: #000000;\">Renonciation, Fusion, Extension, Transmission aux h\u00e9ritiers<\/span><\/td>\n<td style=\"text-align: center;\"><span style=\"color: #000000;\">1 600<\/span><\/td>\n<td style=\"text-align: center;\"><span style=\"color: #000000;\">15 000<\/span><\/td>\n<\/tr>\n<tr>\n<td><span style=\"color: #000000;\">Transformation<\/span><\/td>\n<td style=\"text-align: center;\"><span style=\"color: #000000;\">2 600<\/span><\/td>\n<td style=\"text-align: center;\"><span style=\"color: #000000;\">205 000<\/span><\/td>\n<\/tr>\n<tr>\n<td><span style=\"color: #000000;\">Renouvellement<\/span><\/td>\n<td style=\"text-align: center;\"><span style=\"color: #000000;\">2 600<\/span><\/td>\n<td style=\"text-align: center;\"><span style=\"color: #000000;\">205 000<\/span><\/td>\n<\/tr>\n<tr>\n<td><span style=\"color: #000000;\">Changement Actionnaire\/Propri\u00e9taire<\/span><\/td>\n<td><span style=\"color: #000000;\">\u00a0<\/span><\/td>\n<td style=\"text-align: center;\"><span style=\"color: #000000;\">205 000<\/span><\/td>\n<\/tr>\n<tr>\n<td><span style=\"color: #000000;\">D\u00e9sistement sur un enregistrement<\/span><\/td>\n<td><span style=\"color: #000000;\">\u00a0<\/span><\/td>\n<td style=\"text-align: center;\"><span style=\"color: #000000;\">205 000<\/span><\/td>\n<\/tr>\n<\/tbody>\n<\/table>\n<p><\/p>","protected":false},"excerpt":{"rendered":"<p>\u00a0 Montant HT Op\u00e9ration d&#8217;enregistrement Par Carr\u00e9 Par Op\u00e9ration Transferts : Cession, Donation, Mutation, Changement de nom\/d\u00e9nomination 2 600 205 000 Hypoth\u00e8que, Gage, Amodiation 2 300 16 000 Partenariat 1 600 205 000 Renonciation, Fusion, Extension, Transmission aux h\u00e9ritiers 1 600 15 000 Transformation 2 600 205 000 Renouvellement 2 600 205 000 Changement Actionnaire\/Propri\u00e9taire &hellip;<\/p>\n","protected":false},"author":1,"featured_media":0,"parent":0,"menu_order":0,"comment_status":"closed","ping_status":"closed","template":"","meta":{"_themeisle_gutenberg_block_has_review":false,"footnotes":""},"class_list":["post-236","page","type-page","status-publish","hentry"],"yoast_head":"<!-- This site is optimized with the Yoast SEO plugin v21.7 - https:\/\/yoast.com\/wordpress\/plugins\/seo\/ -->\n<title>Droits forfaitaires - BCMM<\/title>\n<meta name=\"robots\" content=\"index, follow, max-snippet:-1, max-image-preview:large, max-video-preview:-1\" \/>\n<link rel=\"canonical\" href=\"https:\/\/bcmm.mg\/droits-forfaitaires\/\" \/>\n<meta property=\"og:locale\" content=\"en_US\" \/>\n<meta property=\"og:type\" content=\"article\" \/>\n<meta property=\"og:title\" content=\"Droits forfaitaires - BCMM\" \/>\n<meta property=\"og:description\" content=\"\u00a0 Montant HT Op\u00e9ration d&#8217;enregistrement Par Carr\u00e9 Par Op\u00e9ration Transferts : Cession, Donation, Mutation, Changement de nom\/d\u00e9nomination 2 600 205 000 Hypoth\u00e8que, Gage, Amodiation 2 300 16 000 Partenariat 1 600 205 000 Renonciation, Fusion, Extension, Transmission aux h\u00e9ritiers 1 600 15 000 Transformation 2 600 205 000 Renouvellement 2 600 205 000 Changement Actionnaire\/Propri\u00e9taire &hellip;\" \/>\n<meta property=\"og:url\" content=\"https:\/\/bcmm.mg\/droits-forfaitaires\/\" \/>\n<meta property=\"og:site_name\" content=\"BCMM\" \/>\n<meta property=\"article:modified_time\" content=\"2023-02-22T05:27:00+00:00\" \/>\n<meta name=\"twitter:card\" content=\"summary_large_image\" \/>\n<script type=\"application\/ld+json\" class=\"yoast-schema-graph\">{\"@context\":\"https:\/\/schema.org\",\"@graph\":[{\"@type\":\"WebPage\",\"@id\":\"https:\/\/bcmm.mg\/droits-forfaitaires\/\",\"url\":\"https:\/\/bcmm.mg\/droits-forfaitaires\/\",\"name\":\"Droits forfaitaires - BCMM\",\"isPartOf\":{\"@id\":\"https:\/\/bcmm.mg\/#website\"},\"datePublished\":\"2016-07-21T07:12:20+00:00\",\"dateModified\":\"2023-02-22T05:27:00+00:00\",\"inLanguage\":\"en-US\",\"potentialAction\":[{\"@type\":\"ReadAction\",\"target\":[\"https:\/\/bcmm.mg\/droits-forfaitaires\/\"]}]},{\"@type\":\"WebSite\",\"@id\":\"https:\/\/bcmm.mg\/#website\",\"url\":\"https:\/\/bcmm.mg\/\",\"name\":\"BCMM\",\"description\":\"Cadastral Mining Office of Madagascar\",\"potentialAction\":[{\"@type\":\"SearchAction\",\"target\":{\"@type\":\"EntryPoint\",\"urlTemplate\":\"https:\/\/bcmm.mg\/?s={search_term_string}\"},\"query-input\":\"required name=search_term_string\"}],\"inLanguage\":\"en-US\"}]}<\/script>\n<!-- \/ Yoast SEO plugin. -->","yoast_head_json":{"title":"Droits forfaitaires - BCMM","robots":{"index":"index","follow":"follow","max-snippet":"max-snippet:-1","max-image-preview":"max-image-preview:large","max-video-preview":"max-video-preview:-1"},"canonical":"https:\/\/bcmm.mg\/droits-forfaitaires\/","og_locale":"en_US","og_type":"article","og_title":"Droits forfaitaires - BCMM","og_description":"\u00a0 Montant HT Op\u00e9ration d&#8217;enregistrement Par Carr\u00e9 Par Op\u00e9ration Transferts : Cession, Donation, Mutation, Changement de nom\/d\u00e9nomination 2 600 205 000 Hypoth\u00e8que, Gage, Amodiation 2 300 16 000 Partenariat 1 600 205 000 Renonciation, Fusion, Extension, Transmission aux h\u00e9ritiers 1 600 15 000 Transformation 2 600 205 000 Renouvellement 2 600 205 000 Changement Actionnaire\/Propri\u00e9taire &hellip;","og_url":"https:\/\/bcmm.mg\/droits-forfaitaires\/","og_site_name":"BCMM","article_modified_time":"2023-02-22T05:27:00+00:00","twitter_card":"summary_large_image","schema":{"@context":"https:\/\/schema.org","@graph":[{"@type":"WebPage","@id":"https:\/\/bcmm.mg\/droits-forfaitaires\/","url":"https:\/\/bcmm.mg\/droits-forfaitaires\/","name":"Droits forfaitaires - BCMM","isPartOf":{"@id":"https:\/\/bcmm.mg\/#website"},"datePublished":"2016-07-21T07:12:20+00:00","dateModified":"2023-02-22T05:27:00+00:00","inLanguage":"en-US","potentialAction":[{"@type":"ReadAction","target":["https:\/\/bcmm.mg\/droits-forfaitaires\/"]}]},{"@type":"WebSite","@id":"https:\/\/bcmm.mg\/#website","url":"https:\/\/bcmm.mg\/","name":"BCMM","description":"Cadastral Mining Office of Madagascar","potentialAction":[{"@type":"SearchAction","target":{"@type":"EntryPoint","urlTemplate":"https:\/\/bcmm.mg\/?s={search_term_string}"},"query-input":"required name=search_term_string"}],"inLanguage":"en-US"}]}},"_links":{"self":[{"href":"https:\/\/bcmm.mg\/en\/wp-json\/wp\/v2\/pages\/236","targetHints":{"allow":["GET"]}}],"collection":[{"href":"https:\/\/bcmm.mg\/en\/wp-json\/wp\/v2\/pages"}],"about":[{"href":"https:\/\/bcmm.mg\/en\/wp-json\/wp\/v2\/types\/page"}],"author":[{"embeddable":true,"href":"https:\/\/bcmm.mg\/en\/wp-json\/wp\/v2\/users\/1"}],"replies":[{"embeddable":true,"href":"https:\/\/bcmm.mg\/en\/wp-json\/wp\/v2\/comments?post=236"}],"version-history":[{"count":9,"href":"https:\/\/bcmm.mg\/en\/wp-json\/wp\/v2\/pages\/236\/revisions"}],"predecessor-version":[{"id":4151,"href":"https:\/\/bcmm.mg\/en\/wp-json\/wp\/v2\/pages\/236\/revisions\/4151"}],"wp:attachment":[{"href":"https:\/\/bcmm.mg\/en\/wp-json\/wp\/v2\/media?parent=236"}],"curies":[{"name":"wp","href":"https:\/\/api.w.org\/{rel}","templated":true}]}}